{"id":1792,"date":"2024-04-10T17:18:01","date_gmt":"2024-04-10T15:18:01","guid":{"rendered":"https:\/\/talarnmusicexperience.com\/prensa\/"},"modified":"2025-12-11T16:41:03","modified_gmt":"2025-12-11T15:41:03","slug":"prensa","status":"publish","type":"page","link":"https:\/\/talarnmusicexperience.com\/es\/prensa\/","title":{"rendered":"Prensa"},"content":{"rendered":"\t\t<div data-elementor-type=\"wp-page\" data-elementor-id=\"1792\" class=\"elementor elementor-1792 elementor-1774\" data-elementor-post-type=\"page\">\n\t\t\t\t\t\t<section class=\"elementor-section elementor-top-section elementor-element elementor-element-9b67923 elementor-section-boxed elementor-section-height-default elementor-section-height-default\" data-id=\"9b67923\" data-element_type=\"section\" data-e-type=\"section\" data-settings=\"{&quot;background_background&quot;:&quot;classic&quot;}\">\n\t\t\t\t\t\t<div class=\"elementor-container elementor-column-gap-default\">\n\t\t\t\t\t<div class=\"elementor-column elementor-col-100 elementor-top-column elementor-element elementor-element-0e7807e\" data-id=\"0e7807e\" data-element_type=\"column\" data-e-type=\"column\">\n\t\t\t<div class=\"elementor-widget-wrap elementor-element-populated\">\n\t\t\t\t\t\t<div class=\"elementor-element elementor-element-58f7576 elementor-widget elementor-widget-heading\" data-id=\"58f7576\" data-element_type=\"widget\" data-e-type=\"widget\" data-widget_type=\"heading.default\">\n\t\t\t\t\t<h1 class=\"elementor-heading-title elementor-size-default\">Prensa<\/h1>\t\t\t\t<\/div>\n\t\t\t\t\t<\/div>\n\t\t<\/div>\n\t\t\t\t\t<\/div>\n\t\t<\/section>\n\t\t\t\t<section class=\"elementor-section elementor-top-section elementor-element elementor-element-a5e715b elementor-section-boxed elementor-section-height-default elementor-section-height-default\" data-id=\"a5e715b\" data-element_type=\"section\" data-e-type=\"section\" data-settings=\"{&quot;background_background&quot;:&quot;classic&quot;}\">\n\t\t\t\t\t\t<div class=\"elementor-container elementor-column-gap-default\">\n\t\t\t\t\t<div class=\"elementor-column elementor-col-100 elementor-top-column elementor-element elementor-element-6ff383c\" data-id=\"6ff383c\" data-element_type=\"column\" data-e-type=\"column\">\n\t\t\t<div class=\"elementor-widget-wrap elementor-element-populated\">\n\t\t\t\t\t\t<div class=\"elementor-element elementor-element-ed1da61 elementor-widget elementor-widget-heading\" data-id=\"ed1da61\" data-element_type=\"widget\" data-e-type=\"widget\" data-widget_type=\"heading.default\">\n\t\t\t\t\t<h3 class=\"elementor-heading-title elementor-size-default\">Notas de prensa<\/h3>\t\t\t\t<\/div>\n\t\t\t\t<div class=\"elementor-element elementor-element-e5412eb elementor-widget elementor-widget-heading\" data-id=\"e5412eb\" data-element_type=\"widget\" data-e-type=\"widget\" data-widget_type=\"heading.default\">\n\t\t\t\t\t<h3 class=\"elementor-heading-title elementor-size-default\">El Talarn Music Experience crece en su 10 aniversario reforzando las dos ediciones estivales y con nuevos conciertos en el Pallars<\/h3>\t\t\t\t<\/div>\n\t\t\t\t<div class=\"elementor-element elementor-element-9ce7afb elementor-align-center elementor-widget elementor-widget-button\" data-id=\"9ce7afb\" data-element_type=\"widget\" data-e-type=\"widget\" data-widget_type=\"button.default\">\n\t\t\t\t\t\t\t\t\t\t<a class=\"elementor-button elementor-button-link elementor-size-sm\" href=\"https:\/\/talarnmusicexperience.com\/wp-content\/uploads\/2025\/12\/20251211-NP-Presentacio-TME-2026.pdf\" target=\"_blank\" rel=\"nofollow\">\n\t\t\t\t\t\t<span class=\"elementor-button-content-wrapper\">\n\t\t\t\t\t\t<span class=\"elementor-button-icon\">\n\t\t\t\t<i aria-hidden=\"true\" class=\"fas fa-file-pdf\"><\/i>\t\t\t<\/span>\n\t\t\t\t\t\t\t\t\t<span class=\"elementor-button-text\">Descargar<\/span>\n\t\t\t\t\t<\/span>\n\t\t\t\t\t<\/a>\n\t\t\t\t\t\t\t\t<\/div>\n\t\t\t\t\t<\/div>\n\t\t<\/div>\n\t\t\t\t\t<\/div>\n\t\t<\/section>\n\t\t\t\t<section class=\"elementor-section elementor-top-section elementor-element elementor-element-27ecb3f elementor-section-boxed elementor-section-height-default elementor-section-height-default\" data-id=\"27ecb3f\" data-element_type=\"section\" data-e-type=\"section\" data-settings=\"{&quot;background_background&quot;:&quot;classic&quot;}\">\n\t\t\t\t\t\t<div class=\"elementor-container elementor-column-gap-default\">\n\t\t\t\t\t<div class=\"elementor-column elementor-col-100 elementor-top-column elementor-element elementor-element-4e0709a\" data-id=\"4e0709a\" data-element_type=\"column\" data-e-type=\"column\">\n\t\t\t<div class=\"elementor-widget-wrap elementor-element-populated\">\n\t\t\t\t\t\t<div class=\"elementor-element elementor-element-1297d76 elementor-widget elementor-widget-heading\" data-id=\"1297d76\" data-element_type=\"widget\" data-e-type=\"widget\" data-widget_type=\"heading.default\">\n\t\t\t\t\t<h3 class=\"elementor-heading-title elementor-size-default\">Descargas<\/h3>\t\t\t\t<\/div>\n\t\t\t\t<section class=\"elementor-section elementor-inner-section elementor-element elementor-element-4c65785 elementor-section-boxed elementor-section-height-default elementor-section-height-default\" data-id=\"4c65785\" data-element_type=\"section\" data-e-type=\"section\">\n\t\t\t\t\t\t<div class=\"elementor-container elementor-column-gap-default\">\n\t\t\t\t\t<div class=\"elementor-column elementor-col-33 elementor-inner-column elementor-element elementor-element-f45089c\" data-id=\"f45089c\" data-element_type=\"column\" data-e-type=\"column\">\n\t\t\t<div class=\"elementor-widget-wrap elementor-element-populated\">\n\t\t\t\t\t\t<div class=\"elementor-element elementor-element-abb6d55 elementor-widget elementor-widget-image\" data-id=\"abb6d55\" data-element_type=\"widget\" data-e-type=\"widget\" data-widget_type=\"image.default\">\n\t\t\t\t\t\t\t\t\t\t\t\t\t\t\t<img fetchpriority=\"high\" decoding=\"async\" width=\"768\" height=\"1086\" src=\"https:\/\/talarnmusicexperience.com\/wp-content\/uploads\/2025\/12\/cartell-2026-general-A3-1-768x1086.jpg\" class=\"attachment-medium_large size-medium_large wp-image-4709\" alt=\"cartell-2026-general-A3\" srcset=\"https:\/\/talarnmusicexperience.com\/wp-content\/uploads\/2025\/12\/cartell-2026-general-A3-1-768x1086.jpg 768w, https:\/\/talarnmusicexperience.com\/wp-content\/uploads\/2025\/12\/cartell-2026-general-A3-1-212x300.jpg 212w, https:\/\/talarnmusicexperience.com\/wp-content\/uploads\/2025\/12\/cartell-2026-general-A3-1-724x1024.jpg 724w, https:\/\/talarnmusicexperience.com\/wp-content\/uploads\/2025\/12\/cartell-2026-general-A3-1-1086x1536.jpg 1086w, https:\/\/talarnmusicexperience.com\/wp-content\/uploads\/2025\/12\/cartell-2026-general-A3-1-1448x2048.jpg 1448w, https:\/\/talarnmusicexperience.com\/wp-content\/uploads\/2025\/12\/cartell-2026-general-A3-1-scaled.jpg 1810w\" sizes=\"(max-width: 768px) 100vw, 768px\" \/>\t\t\t\t\t\t\t\t\t\t\t\t\t\t\t<\/div>\n\t\t\t\t<div class=\"elementor-element elementor-element-c5c89e9 elementor-align-center elementor-widget elementor-widget-button\" data-id=\"c5c89e9\" data-element_type=\"widget\" data-e-type=\"widget\" data-widget_type=\"button.default\">\n\t\t\t\t\t\t\t\t\t\t<a class=\"elementor-button elementor-button-link elementor-size-sm\" href=\"https:\/\/talarnmusicexperience.com\/wp-content\/uploads\/2025\/12\/cartell-2026-general-A3-1-scaled.jpg\" target=\"_blank\" rel=\"nofollow\" download=\"anunci-programacio-a4.jpg\">\n\t\t\t\t\t\t<span class=\"elementor-button-content-wrapper\">\n\t\t\t\t\t\t<span class=\"elementor-button-icon\">\n\t\t\t\t<i aria-hidden=\"true\" class=\"fas fa-image\"><\/i>\t\t\t<\/span>\n\t\t\t\t\t\t\t\t\t<span class=\"elementor-button-text\">Descargar<\/span>\n\t\t\t\t\t<\/span>\n\t\t\t\t\t<\/a>\n\t\t\t\t\t\t\t\t<\/div>\n\t\t\t\t\t<\/div>\n\t\t<\/div>\n\t\t\t\t<div class=\"elementor-column elementor-col-33 elementor-inner-column elementor-element elementor-element-06d8dca\" data-id=\"06d8dca\" data-element_type=\"column\" data-e-type=\"column\">\n\t\t\t<div class=\"elementor-widget-wrap elementor-element-populated\">\n\t\t\t\t\t\t<div class=\"elementor-element elementor-element-95fd7ad elementor-widget elementor-widget-image\" data-id=\"95fd7ad\" data-element_type=\"widget\" data-e-type=\"widget\" data-widget_type=\"image.default\">\n\t\t\t\t\t\t\t\t\t\t\t\t\t\t\t<img decoding=\"async\" width=\"768\" height=\"1086\" src=\"https:\/\/talarnmusicexperience.com\/wp-content\/uploads\/2025\/12\/cartell-2026-juliol-A3-2-768x1086.jpg\" class=\"attachment-medium_large size-medium_large wp-image-4711\" alt=\"cartell-2026-general-A3\" srcset=\"https:\/\/talarnmusicexperience.com\/wp-content\/uploads\/2025\/12\/cartell-2026-juliol-A3-2-768x1086.jpg 768w, https:\/\/talarnmusicexperience.com\/wp-content\/uploads\/2025\/12\/cartell-2026-juliol-A3-2-212x300.jpg 212w, https:\/\/talarnmusicexperience.com\/wp-content\/uploads\/2025\/12\/cartell-2026-juliol-A3-2-724x1024.jpg 724w, https:\/\/talarnmusicexperience.com\/wp-content\/uploads\/2025\/12\/cartell-2026-juliol-A3-2-1086x1536.jpg 1086w, https:\/\/talarnmusicexperience.com\/wp-content\/uploads\/2025\/12\/cartell-2026-juliol-A3-2-1448x2048.jpg 1448w, https:\/\/talarnmusicexperience.com\/wp-content\/uploads\/2025\/12\/cartell-2026-juliol-A3-2-scaled.jpg 1810w\" sizes=\"(max-width: 768px) 100vw, 768px\" \/>\t\t\t\t\t\t\t\t\t\t\t\t\t\t\t<\/div>\n\t\t\t\t<div class=\"elementor-element elementor-element-033f5df elementor-align-center elementor-widget elementor-widget-button\" data-id=\"033f5df\" data-element_type=\"widget\" data-e-type=\"widget\" data-widget_type=\"button.default\">\n\t\t\t\t\t\t\t\t\t\t<a class=\"elementor-button elementor-button-link elementor-size-sm\" href=\"https:\/\/talarnmusicexperience.com\/wp-content\/uploads\/2025\/12\/cartell-2026-juliol-A3-2-scaled.jpg\" target=\"_blank\" rel=\"nofollow\" download=\"anunci-programacio-a4.jpg\">\n\t\t\t\t\t\t<span class=\"elementor-button-content-wrapper\">\n\t\t\t\t\t\t<span class=\"elementor-button-icon\">\n\t\t\t\t<i aria-hidden=\"true\" class=\"fas fa-image\"><\/i>\t\t\t<\/span>\n\t\t\t\t\t\t\t\t\t<span class=\"elementor-button-text\">Descargar<\/span>\n\t\t\t\t\t<\/span>\n\t\t\t\t\t<\/a>\n\t\t\t\t\t\t\t\t<\/div>\n\t\t\t\t\t<\/div>\n\t\t<\/div>\n\t\t\t\t<div class=\"elementor-column elementor-col-33 elementor-inner-column elementor-element elementor-element-b07de43\" data-id=\"b07de43\" data-element_type=\"column\" data-e-type=\"column\">\n\t\t\t<div class=\"elementor-widget-wrap elementor-element-populated\">\n\t\t\t\t\t\t<div class=\"elementor-element elementor-element-5e0d568 elementor-widget elementor-widget-image\" data-id=\"5e0d568\" data-element_type=\"widget\" data-e-type=\"widget\" data-widget_type=\"image.default\">\n\t\t\t\t\t\t\t\t\t\t\t\t\t\t\t<img decoding=\"async\" width=\"768\" height=\"1086\" src=\"https:\/\/talarnmusicexperience.com\/wp-content\/uploads\/2025\/12\/cartell-2026-setembre-A3-3-768x1086.jpg\" class=\"attachment-medium_large size-medium_large wp-image-4713\" alt=\"cartell-2026-general-A3\" srcset=\"https:\/\/talarnmusicexperience.com\/wp-content\/uploads\/2025\/12\/cartell-2026-setembre-A3-3-768x1086.jpg 768w, https:\/\/talarnmusicexperience.com\/wp-content\/uploads\/2025\/12\/cartell-2026-setembre-A3-3-212x300.jpg 212w, https:\/\/talarnmusicexperience.com\/wp-content\/uploads\/2025\/12\/cartell-2026-setembre-A3-3-724x1024.jpg 724w, https:\/\/talarnmusicexperience.com\/wp-content\/uploads\/2025\/12\/cartell-2026-setembre-A3-3-1086x1536.jpg 1086w, https:\/\/talarnmusicexperience.com\/wp-content\/uploads\/2025\/12\/cartell-2026-setembre-A3-3-1448x2048.jpg 1448w, https:\/\/talarnmusicexperience.com\/wp-content\/uploads\/2025\/12\/cartell-2026-setembre-A3-3-scaled.jpg 1810w\" sizes=\"(max-width: 768px) 100vw, 768px\" \/>\t\t\t\t\t\t\t\t\t\t\t\t\t\t\t<\/div>\n\t\t\t\t<div class=\"elementor-element elementor-element-b536a80 elementor-align-center elementor-widget elementor-widget-button\" data-id=\"b536a80\" data-element_type=\"widget\" data-e-type=\"widget\" data-widget_type=\"button.default\">\n\t\t\t\t\t\t\t\t\t\t<a class=\"elementor-button elementor-button-link elementor-size-sm\" href=\"https:\/\/talarnmusicexperience.com\/wp-content\/uploads\/2025\/12\/cartell-2026-setembre-A3-3-scaled.jpg\" target=\"_blank\" rel=\"nofollow\" download=\"anunci-programacio-a4.jpg\">\n\t\t\t\t\t\t<span class=\"elementor-button-content-wrapper\">\n\t\t\t\t\t\t<span class=\"elementor-button-icon\">\n\t\t\t\t<i aria-hidden=\"true\" class=\"fas fa-image\"><\/i>\t\t\t<\/span>\n\t\t\t\t\t\t\t\t\t<span class=\"elementor-button-text\">Descargar<\/span>\n\t\t\t\t\t<\/span>\n\t\t\t\t\t<\/a>\n\t\t\t\t\t\t\t\t<\/div>\n\t\t\t\t\t<\/div>\n\t\t<\/div>\n\t\t\t\t\t<\/div>\n\t\t<\/section>\n\t\t\t\t\t<\/div>\n\t\t<\/div>\n\t\t\t\t\t<\/div>\n\t\t<\/section>\n\t\t\t\t<\/div>\n\t\t","protected":false},"excerpt":{"rendered":"<p>Notas de prensa El Talarn Music Experience crece en su 10 aniversario reforzando las dos ediciones estivales y con nuevos conciertos en el Pallars Descargar Descargas Descargar Descargar Descargar<\/p>\n","protected":false},"author":1,"featured_media":0,"parent":0,"menu_order":0,"comment_status":"closed","ping_status":"closed","template":"elementor_header_footer","meta":{"_acf_changed":false,"footnotes":""},"class_list":["post-1792","page","type-page","status-publish","hentry"],"acf":[],"yoast_head":"<!-- This site is optimized with the Yoast SEO plugin v27.3 - https:\/\/yoast.com\/product\/yoast-seo-wordpress\/ -->\n<title>Prensa - Talarn Music Experience<\/title>\n<meta name=\"description\" content=\"Notas de prensa El Talarn Music Experience crece en su 10 aniversario reforzando las dos ediciones estivales y con nuevos conciertos en el Pallars\" \/>\n<meta name=\"robots\" content=\"index, follow, max-snippet:-1, max-image-preview:large, max-video-preview:-1\" \/>\n<link rel=\"canonical\" href=\"https:\/\/talarnmusicexperience.com\/es\/prensa\/\" \/>\n<meta property=\"og:locale\" content=\"es_ES\" \/>\n<meta property=\"og:type\" content=\"article\" \/>\n<meta property=\"og:title\" content=\"Prensa - Talarn Music Experience\" \/>\n<meta property=\"og:description\" content=\"Notas de prensa El Talarn Music Experience crece en su 10 aniversario reforzando las dos ediciones estivales y con nuevos conciertos en el Pallars\" \/>\n<meta property=\"og:url\" content=\"https:\/\/talarnmusicexperience.com\/es\/prensa\/\" \/>\n<meta property=\"og:site_name\" content=\"Talarn Music Experience\" \/>\n<meta property=\"article:publisher\" content=\"https:\/\/www.facebook.com\/talarnmusicexperience\/\" \/>\n<meta property=\"article:modified_time\" content=\"2025-12-11T15:41:03+00:00\" \/>\n<meta property=\"og:image\" content=\"https:\/\/talarnmusicexperience.com\/wp-content\/uploads\/2025\/12\/cartell-2026-general-A3-1-scaled.jpg\" \/>\n\t<meta property=\"og:image:width\" content=\"1810\" \/>\n\t<meta property=\"og:image:height\" content=\"2560\" \/>\n\t<meta property=\"og:image:type\" content=\"image\/jpeg\" \/>\n<meta name=\"twitter:card\" content=\"summary_large_image\" \/>\n<meta name=\"twitter:site\" content=\"@TalarnMusic\" \/>\n<script type=\"application\/ld+json\" class=\"yoast-schema-graph\">{\"@context\":\"https:\\\/\\\/schema.org\",\"@graph\":[{\"@type\":\"WebPage\",\"@id\":\"https:\\\/\\\/talarnmusicexperience.com\\\/es\\\/prensa\\\/\",\"url\":\"https:\\\/\\\/talarnmusicexperience.com\\\/es\\\/prensa\\\/\",\"name\":\"Prensa - Talarn Music Experience\",\"isPartOf\":{\"@id\":\"https:\\\/\\\/talarnmusicexperience.com\\\/es\\\/#website\"},\"primaryImageOfPage\":{\"@id\":\"https:\\\/\\\/talarnmusicexperience.com\\\/es\\\/prensa\\\/#primaryimage\"},\"image\":{\"@id\":\"https:\\\/\\\/talarnmusicexperience.com\\\/es\\\/prensa\\\/#primaryimage\"},\"thumbnailUrl\":\"https:\\\/\\\/talarnmusicexperience.com\\\/wp-content\\\/uploads\\\/2025\\\/12\\\/cartell-2026-general-A3-1-768x1086.jpg\",\"datePublished\":\"2024-04-10T15:18:01+00:00\",\"dateModified\":\"2025-12-11T15:41:03+00:00\",\"description\":\"Notas de prensa El Talarn Music Experience crece en su 10 aniversario reforzando las dos ediciones estivales y con nuevos conciertos en el Pallars\",\"breadcrumb\":{\"@id\":\"https:\\\/\\\/talarnmusicexperience.com\\\/es\\\/prensa\\\/#breadcrumb\"},\"inLanguage\":\"es\",\"potentialAction\":[{\"@type\":\"ReadAction\",\"target\":[\"https:\\\/\\\/talarnmusicexperience.com\\\/es\\\/prensa\\\/\"]}]},{\"@type\":\"ImageObject\",\"inLanguage\":\"es\",\"@id\":\"https:\\\/\\\/talarnmusicexperience.com\\\/es\\\/prensa\\\/#primaryimage\",\"url\":\"https:\\\/\\\/talarnmusicexperience.com\\\/wp-content\\\/uploads\\\/2025\\\/12\\\/cartell-2026-general-A3-1-768x1086.jpg\",\"contentUrl\":\"https:\\\/\\\/talarnmusicexperience.com\\\/wp-content\\\/uploads\\\/2025\\\/12\\\/cartell-2026-general-A3-1-768x1086.jpg\"},{\"@type\":\"BreadcrumbList\",\"@id\":\"https:\\\/\\\/talarnmusicexperience.com\\\/es\\\/prensa\\\/#breadcrumb\",\"itemListElement\":[{\"@type\":\"ListItem\",\"position\":1,\"name\":\"Inici\",\"item\":\"https:\\\/\\\/talarnmusicexperience.com\\\/es\\\/inicio\\\/\"},{\"@type\":\"ListItem\",\"position\":2,\"name\":\"Prensa\"}]},{\"@type\":\"WebSite\",\"@id\":\"https:\\\/\\\/talarnmusicexperience.com\\\/es\\\/#website\",\"url\":\"https:\\\/\\\/talarnmusicexperience.com\\\/es\\\/\",\"name\":\"Talarn Music Experience\",\"description\":\"Tres cites \u00faniques per viure la m\u00e0gia de la m\u00fasica al Pallars Juss\u00e0!\",\"publisher\":{\"@id\":\"https:\\\/\\\/talarnmusicexperience.com\\\/es\\\/#organization\"},\"potentialAction\":[{\"@type\":\"SearchAction\",\"target\":{\"@type\":\"EntryPoint\",\"urlTemplate\":\"https:\\\/\\\/talarnmusicexperience.com\\\/es\\\/?s={search_term_string}\"},\"query-input\":{\"@type\":\"PropertyValueSpecification\",\"valueRequired\":true,\"valueName\":\"search_term_string\"}}],\"inLanguage\":\"es\"},{\"@type\":\"Organization\",\"@id\":\"https:\\\/\\\/talarnmusicexperience.com\\\/es\\\/#organization\",\"name\":\"Talarn Music Experience\",\"url\":\"https:\\\/\\\/talarnmusicexperience.com\\\/es\\\/\",\"logo\":{\"@type\":\"ImageObject\",\"inLanguage\":\"es\",\"@id\":\"https:\\\/\\\/talarnmusicexperience.com\\\/es\\\/#\\\/schema\\\/logo\\\/image\\\/\",\"url\":\"https:\\\/\\\/talarnmusicexperience.com\\\/wp-content\\\/uploads\\\/2023\\\/02\\\/TALARN-MUSIC-EXPERIENCE-300x126-1.png\",\"contentUrl\":\"https:\\\/\\\/talarnmusicexperience.com\\\/wp-content\\\/uploads\\\/2023\\\/02\\\/TALARN-MUSIC-EXPERIENCE-300x126-1.png\",\"width\":300,\"height\":126,\"caption\":\"Talarn Music Experience\"},\"image\":{\"@id\":\"https:\\\/\\\/talarnmusicexperience.com\\\/es\\\/#\\\/schema\\\/logo\\\/image\\\/\"},\"sameAs\":[\"https:\\\/\\\/www.facebook.com\\\/talarnmusicexperience\\\/\",\"https:\\\/\\\/x.com\\\/TalarnMusic\",\"https:\\\/\\\/www.instagram.com\\\/talarnmusicexperience\\\/\"]}]}<\/script>\n<!-- \/ Yoast SEO plugin. -->","yoast_head_json":{"title":"Prensa - Talarn Music Experience","description":"Notas de prensa El Talarn Music Experience crece en su 10 aniversario reforzando las dos ediciones estivales y con nuevos conciertos en el Pallars","robots":{"index":"index","follow":"follow","max-snippet":"max-snippet:-1","max-image-preview":"max-image-preview:large","max-video-preview":"max-video-preview:-1"},"canonical":"https:\/\/talarnmusicexperience.com\/es\/prensa\/","og_locale":"es_ES","og_type":"article","og_title":"Prensa - Talarn Music Experience","og_description":"Notas de prensa El Talarn Music Experience crece en su 10 aniversario reforzando las dos ediciones estivales y con nuevos conciertos en el Pallars","og_url":"https:\/\/talarnmusicexperience.com\/es\/prensa\/","og_site_name":"Talarn Music Experience","article_publisher":"https:\/\/www.facebook.com\/talarnmusicexperience\/","article_modified_time":"2025-12-11T15:41:03+00:00","og_image":[{"width":1810,"height":2560,"url":"https:\/\/talarnmusicexperience.com\/wp-content\/uploads\/2025\/12\/cartell-2026-general-A3-1-scaled.jpg","type":"image\/jpeg"}],"twitter_card":"summary_large_image","twitter_site":"@TalarnMusic","schema":{"@context":"https:\/\/schema.org","@graph":[{"@type":"WebPage","@id":"https:\/\/talarnmusicexperience.com\/es\/prensa\/","url":"https:\/\/talarnmusicexperience.com\/es\/prensa\/","name":"Prensa - Talarn Music Experience","isPartOf":{"@id":"https:\/\/talarnmusicexperience.com\/es\/#website"},"primaryImageOfPage":{"@id":"https:\/\/talarnmusicexperience.com\/es\/prensa\/#primaryimage"},"image":{"@id":"https:\/\/talarnmusicexperience.com\/es\/prensa\/#primaryimage"},"thumbnailUrl":"https:\/\/talarnmusicexperience.com\/wp-content\/uploads\/2025\/12\/cartell-2026-general-A3-1-768x1086.jpg","datePublished":"2024-04-10T15:18:01+00:00","dateModified":"2025-12-11T15:41:03+00:00","description":"Notas de prensa El Talarn Music Experience crece en su 10 aniversario reforzando las dos ediciones estivales y con nuevos conciertos en el Pallars","breadcrumb":{"@id":"https:\/\/talarnmusicexperience.com\/es\/prensa\/#breadcrumb"},"inLanguage":"es","potentialAction":[{"@type":"ReadAction","target":["https:\/\/talarnmusicexperience.com\/es\/prensa\/"]}]},{"@type":"ImageObject","inLanguage":"es","@id":"https:\/\/talarnmusicexperience.com\/es\/prensa\/#primaryimage","url":"https:\/\/talarnmusicexperience.com\/wp-content\/uploads\/2025\/12\/cartell-2026-general-A3-1-768x1086.jpg","contentUrl":"https:\/\/talarnmusicexperience.com\/wp-content\/uploads\/2025\/12\/cartell-2026-general-A3-1-768x1086.jpg"},{"@type":"BreadcrumbList","@id":"https:\/\/talarnmusicexperience.com\/es\/prensa\/#breadcrumb","itemListElement":[{"@type":"ListItem","position":1,"name":"Inici","item":"https:\/\/talarnmusicexperience.com\/es\/inicio\/"},{"@type":"ListItem","position":2,"name":"Prensa"}]},{"@type":"WebSite","@id":"https:\/\/talarnmusicexperience.com\/es\/#website","url":"https:\/\/talarnmusicexperience.com\/es\/","name":"Talarn Music Experience","description":"Tres cites \u00faniques per viure la m\u00e0gia de la m\u00fasica al Pallars Juss\u00e0!","publisher":{"@id":"https:\/\/talarnmusicexperience.com\/es\/#organization"},"potentialAction":[{"@type":"SearchAction","target":{"@type":"EntryPoint","urlTemplate":"https:\/\/talarnmusicexperience.com\/es\/?s={search_term_string}"},"query-input":{"@type":"PropertyValueSpecification","valueRequired":true,"valueName":"search_term_string"}}],"inLanguage":"es"},{"@type":"Organization","@id":"https:\/\/talarnmusicexperience.com\/es\/#organization","name":"Talarn Music Experience","url":"https:\/\/talarnmusicexperience.com\/es\/","logo":{"@type":"ImageObject","inLanguage":"es","@id":"https:\/\/talarnmusicexperience.com\/es\/#\/schema\/logo\/image\/","url":"https:\/\/talarnmusicexperience.com\/wp-content\/uploads\/2023\/02\/TALARN-MUSIC-EXPERIENCE-300x126-1.png","contentUrl":"https:\/\/talarnmusicexperience.com\/wp-content\/uploads\/2023\/02\/TALARN-MUSIC-EXPERIENCE-300x126-1.png","width":300,"height":126,"caption":"Talarn Music Experience"},"image":{"@id":"https:\/\/talarnmusicexperience.com\/es\/#\/schema\/logo\/image\/"},"sameAs":["https:\/\/www.facebook.com\/talarnmusicexperience\/","https:\/\/x.com\/TalarnMusic","https:\/\/www.instagram.com\/talarnmusicexperience\/"]}]}},"_links":{"self":[{"href":"https:\/\/talarnmusicexperience.com\/es\/wp-json\/wp\/v2\/pages\/1792","targetHints":{"allow":["GET"]}}],"collection":[{"href":"https:\/\/talarnmusicexperience.com\/es\/wp-json\/wp\/v2\/pages"}],"about":[{"href":"https:\/\/talarnmusicexperience.com\/es\/wp-json\/wp\/v2\/types\/page"}],"author":[{"embeddable":true,"href":"https:\/\/talarnmusicexperience.com\/es\/wp-json\/wp\/v2\/users\/1"}],"replies":[{"embeddable":true,"href":"https:\/\/talarnmusicexperience.com\/es\/wp-json\/wp\/v2\/comments?post=1792"}],"version-history":[{"count":19,"href":"https:\/\/talarnmusicexperience.com\/es\/wp-json\/wp\/v2\/pages\/1792\/revisions"}],"predecessor-version":[{"id":4731,"href":"https:\/\/talarnmusicexperience.com\/es\/wp-json\/wp\/v2\/pages\/1792\/revisions\/4731"}],"wp:attachment":[{"href":"https:\/\/talarnmusicexperience.com\/es\/wp-json\/wp\/v2\/media?parent=1792"}],"curies":[{"name":"wp","href":"https:\/\/api.w.org\/{rel}","templated":true}]}}