{"id":4044,"date":"2025-09-18T18:00:24","date_gmt":"2025-09-18T16:00:24","guid":{"rendered":"https:\/\/talarnmusicexperience.com\/ediciones-anteriores\/"},"modified":"2025-10-31T08:31:27","modified_gmt":"2025-10-31T07:31:27","slug":"ediciones-anteriores","status":"publish","type":"page","link":"https:\/\/talarnmusicexperience.com\/es\/ediciones-anteriores\/","title":{"rendered":"Ediciones anteriores"},"content":{"rendered":"\t\t<div data-elementor-type=\"wp-page\" data-elementor-id=\"4044\" class=\"elementor elementor-4044 elementor-3839\" data-elementor-post-type=\"page\">\n\t\t\t\t\t\t<section class=\"elementor-section elementor-top-section elementor-element elementor-element-5c32e3d elementor-section-boxed elementor-section-height-default elementor-section-height-default\" data-id=\"5c32e3d\" data-element_type=\"section\" data-e-type=\"section\" data-settings=\"{&quot;background_background&quot;:&quot;classic&quot;}\">\n\t\t\t\t\t\t<div class=\"elementor-container elementor-column-gap-default\">\n\t\t\t\t\t<div class=\"elementor-column elementor-col-100 elementor-top-column elementor-element elementor-element-bacfc44\" data-id=\"bacfc44\" data-element_type=\"column\" data-e-type=\"column\">\n\t\t\t<div class=\"elementor-widget-wrap elementor-element-populated\">\n\t\t\t\t\t\t<div class=\"elementor-element elementor-element-6c6ddf7 elementor-widget elementor-widget-heading\" data-id=\"6c6ddf7\" data-element_type=\"widget\" data-e-type=\"widget\" data-widget_type=\"heading.default\">\n\t\t\t\t\t<h1 class=\"elementor-heading-title elementor-size-default\">Ediciones anteriores<\/h1>\t\t\t\t<\/div>\n\t\t\t\t\t<\/div>\n\t\t<\/div>\n\t\t\t\t\t<\/div>\n\t\t<\/section>\n\t\t\t\t<section class=\"elementor-section elementor-top-section elementor-element elementor-element-b690a7b elementor-section-boxed elementor-section-height-default elementor-section-height-default\" data-id=\"b690a7b\" data-element_type=\"section\" data-e-type=\"section\" data-settings=\"{&quot;background_background&quot;:&quot;classic&quot;}\">\n\t\t\t\t\t\t<div class=\"elementor-container elementor-column-gap-default\">\n\t\t\t\t\t<div class=\"elementor-column elementor-col-100 elementor-top-column elementor-element elementor-element-97773c3\" data-id=\"97773c3\" data-element_type=\"column\" data-e-type=\"column\">\n\t\t\t<div class=\"elementor-widget-wrap elementor-element-populated\">\n\t\t\t\t\t\t<div class=\"elementor-element elementor-element-ce7b42e elementor-widget elementor-widget-heading\" data-id=\"ce7b42e\" data-element_type=\"widget\" data-e-type=\"widget\" data-widget_type=\"heading.default\">\n\t\t\t\t\t<h3 class=\"elementor-heading-title elementor-size-default\"><p data-pm-slice=\"1 1 []\">DESCUBRE TODOS LOS ARTISTAS QUE HAN PASADO POR EL TME<\/p><\/h3>\t\t\t\t<\/div>\n\t\t\t\t\t<\/div>\n\t\t<\/div>\n\t\t\t\t\t<\/div>\n\t\t<\/section>\n\t\t\t\t<section class=\"elementor-section elementor-top-section elementor-element elementor-element-5351649 elementor-section-boxed elementor-section-height-default elementor-section-height-default\" data-id=\"5351649\" data-element_type=\"section\" data-e-type=\"section\" data-settings=\"{&quot;background_background&quot;:&quot;classic&quot;}\">\n\t\t\t\t\t\t<div class=\"elementor-container elementor-column-gap-default\">\n\t\t\t\t\t<div class=\"elementor-column elementor-col-100 elementor-top-column elementor-element elementor-element-ec9536c\" data-id=\"ec9536c\" data-element_type=\"column\" data-e-type=\"column\">\n\t\t\t<div class=\"elementor-widget-wrap elementor-element-populated\">\n\t\t\t\t\t\t<div class=\"elementor-element elementor-element-e6b0af2 elementor-arrows-position-inside elementor-pagination-position-outside elementor-widget elementor-widget-image-carousel\" data-id=\"e6b0af2\" data-element_type=\"widget\" data-e-type=\"widget\" data-settings=\"{&quot;slides_to_show&quot;:&quot;1&quot;,&quot;navigation&quot;:&quot;both&quot;,&quot;autoplay&quot;:&quot;yes&quot;,&quot;pause_on_hover&quot;:&quot;yes&quot;,&quot;pause_on_interaction&quot;:&quot;yes&quot;,&quot;autoplay_speed&quot;:5000,&quot;infinite&quot;:&quot;yes&quot;,&quot;effect&quot;:&quot;slide&quot;,&quot;speed&quot;:500}\" data-widget_type=\"image-carousel.default\">\n\t\t\t\t\t\t\t<div class=\"elementor-image-carousel-wrapper swiper\" role=\"region\" aria-roledescription=\"carousel\" aria-label=\"Carrusel d&#039;imatges\" dir=\"ltr\">\n\t\t\t<div class=\"elementor-image-carousel swiper-wrapper\" aria-live=\"off\">\n\t\t\t\t\t\t\t\t<div class=\"swiper-slide\" role=\"group\" aria-roledescription=\"slide\" aria-label=\"1 de 5\"><figure class=\"swiper-slide-inner\"><img decoding=\"async\" class=\"swiper-slide-image\" src=\"https:\/\/talarnmusicexperience.com\/wp-content\/uploads\/2025\/10\/cartells-A3_-1.jpg\" alt=\"cartells-A3_ 1\" \/><\/figure><\/div><div class=\"swiper-slide\" role=\"group\" aria-roledescription=\"slide\" aria-label=\"2 de 5\"><figure class=\"swiper-slide-inner\"><img decoding=\"async\" class=\"swiper-slide-image\" src=\"https:\/\/talarnmusicexperience.com\/wp-content\/uploads\/2025\/10\/cartells-A3_-2.jpg\" alt=\"cartells-A3_ 2\" \/><\/figure><\/div><div class=\"swiper-slide\" role=\"group\" aria-roledescription=\"slide\" aria-label=\"3 de 5\"><figure class=\"swiper-slide-inner\"><img decoding=\"async\" class=\"swiper-slide-image\" src=\"https:\/\/talarnmusicexperience.com\/wp-content\/uploads\/2025\/10\/cartells-A3_-3.jpg\" alt=\"cartells-A3_ 3\" \/><\/figure><\/div><div class=\"swiper-slide\" role=\"group\" aria-roledescription=\"slide\" aria-label=\"4 de 5\"><figure class=\"swiper-slide-inner\"><img decoding=\"async\" class=\"swiper-slide-image\" src=\"https:\/\/talarnmusicexperience.com\/wp-content\/uploads\/2025\/10\/cartells-A3_-4.jpg\" alt=\"cartells-A3_ 4\" \/><\/figure><\/div><div class=\"swiper-slide\" role=\"group\" aria-roledescription=\"slide\" aria-label=\"5 de 5\"><figure class=\"swiper-slide-inner\"><img decoding=\"async\" class=\"swiper-slide-image\" src=\"https:\/\/talarnmusicexperience.com\/wp-content\/uploads\/2025\/10\/cartells-A3_-5.jpg\" alt=\"cartells-A3_ 5\" \/><\/figure><\/div>\t\t\t<\/div>\n\t\t\t\t\t\t\t\t\t\t\t\t<div class=\"elementor-swiper-button elementor-swiper-button-prev\" role=\"button\" tabindex=\"0\">\n\t\t\t\t\t\t<i aria-hidden=\"true\" class=\"eicon-chevron-left\"><\/i>\t\t\t\t\t<\/div>\n\t\t\t\t\t<div class=\"elementor-swiper-button elementor-swiper-button-next\" role=\"button\" tabindex=\"0\">\n\t\t\t\t\t\t<i aria-hidden=\"true\" class=\"eicon-chevron-right\"><\/i>\t\t\t\t\t<\/div>\n\t\t\t\t\n\t\t\t\t\t\t\t\t\t<div class=\"swiper-pagination\"><\/div>\n\t\t\t\t\t\t\t\t\t<\/div>\n\t\t\t\t\t\t<\/div>\n\t\t\t\t<div class=\"elementor-element elementor-element-68f3693 elementor-widget elementor-widget-image\" data-id=\"68f3693\" data-element_type=\"widget\" data-e-type=\"widget\" data-widget_type=\"image.default\">\n\t\t\t\t\t\t\t\t\t\t\t\t\t\t\t<img fetchpriority=\"high\" decoding=\"async\" width=\"724\" height=\"1024\" src=\"https:\/\/talarnmusicexperience.com\/wp-content\/uploads\/2025\/09\/TME-2024-1-724x1024.jpg\" class=\"attachment-large size-large wp-image-3870\" alt=\"\" srcset=\"https:\/\/talarnmusicexperience.com\/wp-content\/uploads\/2025\/09\/TME-2024-1-724x1024.jpg 724w, https:\/\/talarnmusicexperience.com\/wp-content\/uploads\/2025\/09\/TME-2024-1-212x300.jpg 212w, https:\/\/talarnmusicexperience.com\/wp-content\/uploads\/2025\/09\/TME-2024-1-768x1086.jpg 768w, https:\/\/talarnmusicexperience.com\/wp-content\/uploads\/2025\/09\/TME-2024-1-1086x1536.jpg 1086w, https:\/\/talarnmusicexperience.com\/wp-content\/uploads\/2025\/09\/TME-2024-1.jpg 1200w\" sizes=\"(max-width: 724px) 100vw, 724px\" \/>\t\t\t\t\t\t\t\t\t\t\t\t\t\t\t<\/div>\n\t\t\t\t<div class=\"elementor-element elementor-element-aedc5e6 elementor-widget elementor-widget-image\" data-id=\"aedc5e6\" data-element_type=\"widget\" data-e-type=\"widget\" data-widget_type=\"image.default\">\n\t\t\t\t\t\t\t\t\t\t\t\t\t\t\t<img decoding=\"async\" width=\"800\" height=\"800\" src=\"https:\/\/talarnmusicexperience.com\/wp-content\/uploads\/2025\/09\/TME-2023-1-1024x1024.jpg\" class=\"attachment-large size-large wp-image-3868\" alt=\"\" srcset=\"https:\/\/talarnmusicexperience.com\/wp-content\/uploads\/2025\/09\/TME-2023-1-1024x1024.jpg 1024w, https:\/\/talarnmusicexperience.com\/wp-content\/uploads\/2025\/09\/TME-2023-1-300x300.jpg 300w, https:\/\/talarnmusicexperience.com\/wp-content\/uploads\/2025\/09\/TME-2023-1-150x150.jpg 150w, https:\/\/talarnmusicexperience.com\/wp-content\/uploads\/2025\/09\/TME-2023-1-768x768.jpg 768w, https:\/\/talarnmusicexperience.com\/wp-content\/uploads\/2025\/09\/TME-2023-1.jpg 1080w\" sizes=\"(max-width: 800px) 100vw, 800px\" \/>\t\t\t\t\t\t\t\t\t\t\t\t\t\t\t<\/div>\n\t\t\t\t<div class=\"elementor-element elementor-element-e8c0240 elementor-widget elementor-widget-image\" data-id=\"e8c0240\" data-element_type=\"widget\" data-e-type=\"widget\" data-widget_type=\"image.default\">\n\t\t\t\t\t\t\t\t\t\t\t\t\t\t\t<img decoding=\"async\" width=\"800\" height=\"1000\" src=\"https:\/\/talarnmusicexperience.com\/wp-content\/uploads\/2025\/09\/TME-2022-1-819x1024.jpg\" class=\"attachment-large size-large wp-image-3866\" alt=\"\" srcset=\"https:\/\/talarnmusicexperience.com\/wp-content\/uploads\/2025\/09\/TME-2022-1-819x1024.jpg 819w, https:\/\/talarnmusicexperience.com\/wp-content\/uploads\/2025\/09\/TME-2022-1-240x300.jpg 240w, https:\/\/talarnmusicexperience.com\/wp-content\/uploads\/2025\/09\/TME-2022-1-768x960.jpg 768w, https:\/\/talarnmusicexperience.com\/wp-content\/uploads\/2025\/09\/TME-2022-1-1229x1536.jpg 1229w, https:\/\/talarnmusicexperience.com\/wp-content\/uploads\/2025\/09\/TME-2022-1.jpg 1638w\" sizes=\"(max-width: 800px) 100vw, 800px\" \/>\t\t\t\t\t\t\t\t\t\t\t\t\t\t\t<\/div>\n\t\t\t\t<div class=\"elementor-element elementor-element-ede5244 elementor-widget elementor-widget-image\" data-id=\"ede5244\" data-element_type=\"widget\" data-e-type=\"widget\" data-widget_type=\"image.default\">\n\t\t\t\t\t\t\t\t\t\t\t\t\t\t\t<img loading=\"lazy\" decoding=\"async\" width=\"800\" height=\"800\" src=\"https:\/\/talarnmusicexperience.com\/wp-content\/uploads\/2025\/09\/TME-2021-1-1024x1024.jpg\" class=\"attachment-large size-large wp-image-3864\" alt=\"\" srcset=\"https:\/\/talarnmusicexperience.com\/wp-content\/uploads\/2025\/09\/TME-2021-1-1024x1024.jpg 1024w, https:\/\/talarnmusicexperience.com\/wp-content\/uploads\/2025\/09\/TME-2021-1-300x300.jpg 300w, https:\/\/talarnmusicexperience.com\/wp-content\/uploads\/2025\/09\/TME-2021-1-150x150.jpg 150w, https:\/\/talarnmusicexperience.com\/wp-content\/uploads\/2025\/09\/TME-2021-1-768x768.jpg 768w, https:\/\/talarnmusicexperience.com\/wp-content\/uploads\/2025\/09\/TME-2021-1.jpg 1200w\" sizes=\"(max-width: 800px) 100vw, 800px\" \/>\t\t\t\t\t\t\t\t\t\t\t\t\t\t\t<\/div>\n\t\t\t\t<div class=\"elementor-element elementor-element-04fe6c7 elementor-widget elementor-widget-image\" data-id=\"04fe6c7\" data-element_type=\"widget\" data-e-type=\"widget\" data-widget_type=\"image.default\">\n\t\t\t\t\t\t\t\t\t\t\t\t\t\t\t<img loading=\"lazy\" decoding=\"async\" width=\"800\" height=\"800\" src=\"https:\/\/talarnmusicexperience.com\/wp-content\/uploads\/2025\/09\/TME-2019-1-1024x1024.jpg\" class=\"attachment-large size-large wp-image-3862\" alt=\"\" srcset=\"https:\/\/talarnmusicexperience.com\/wp-content\/uploads\/2025\/09\/TME-2019-1-1024x1024.jpg 1024w, https:\/\/talarnmusicexperience.com\/wp-content\/uploads\/2025\/09\/TME-2019-1-300x300.jpg 300w, https:\/\/talarnmusicexperience.com\/wp-content\/uploads\/2025\/09\/TME-2019-1-150x150.jpg 150w, https:\/\/talarnmusicexperience.com\/wp-content\/uploads\/2025\/09\/TME-2019-1-768x768.jpg 768w, https:\/\/talarnmusicexperience.com\/wp-content\/uploads\/2025\/09\/TME-2019-1.jpg 1200w\" sizes=\"(max-width: 800px) 100vw, 800px\" \/>\t\t\t\t\t\t\t\t\t\t\t\t\t\t\t<\/div>\n\t\t\t\t<div class=\"elementor-element elementor-element-ed90c6b elementor-widget elementor-widget-image\" data-id=\"ed90c6b\" data-element_type=\"widget\" data-e-type=\"widget\" data-widget_type=\"image.default\">\n\t\t\t\t\t\t\t\t\t\t\t\t\t\t\t<img loading=\"lazy\" decoding=\"async\" width=\"800\" height=\"800\" src=\"https:\/\/talarnmusicexperience.com\/wp-content\/uploads\/2025\/09\/TME-2018-1-1024x1024.jpg\" class=\"attachment-large size-large wp-image-3860\" alt=\"\" srcset=\"https:\/\/talarnmusicexperience.com\/wp-content\/uploads\/2025\/09\/TME-2018-1-1024x1024.jpg 1024w, https:\/\/talarnmusicexperience.com\/wp-content\/uploads\/2025\/09\/TME-2018-1-300x300.jpg 300w, https:\/\/talarnmusicexperience.com\/wp-content\/uploads\/2025\/09\/TME-2018-1-150x150.jpg 150w, https:\/\/talarnmusicexperience.com\/wp-content\/uploads\/2025\/09\/TME-2018-1-768x768.jpg 768w, https:\/\/talarnmusicexperience.com\/wp-content\/uploads\/2025\/09\/TME-2018-1.jpg 1200w\" sizes=\"(max-width: 800px) 100vw, 800px\" \/>\t\t\t\t\t\t\t\t\t\t\t\t\t\t\t<\/div>\n\t\t\t\t\t<\/div>\n\t\t<\/div>\n\t\t\t\t\t<\/div>\n\t\t<\/section>\n\t\t\t\t<\/div>\n\t\t","protected":false},"excerpt":{"rendered":"<p>DESCUBRE TODOS LOS ARTISTAS QUE HAN PASADO POR EL TME<\/p>\n","protected":false},"author":1,"featured_media":0,"parent":0,"menu_order":0,"comment_status":"closed","ping_status":"closed","template":"elementor_header_footer","meta":{"_acf_changed":false,"footnotes":""},"class_list":["post-4044","page","type-page","status-publish","hentry"],"acf":[],"yoast_head":"<!-- This site is optimized with the Yoast SEO plugin v27.3 - https:\/\/yoast.com\/product\/yoast-seo-wordpress\/ -->\n<title>Ediciones anteriores - Talarn Music Experience<\/title>\n<meta name=\"description\" content=\"DESCUBRE TODOS LOS ARTISTAS QUE HAN PASADO POR EL TME\" \/>\n<meta name=\"robots\" content=\"index, follow, max-snippet:-1, max-image-preview:large, max-video-preview:-1\" \/>\n<link rel=\"canonical\" href=\"https:\/\/talarnmusicexperience.com\/es\/ediciones-anteriores\/\" \/>\n<meta property=\"og:locale\" content=\"es_ES\" \/>\n<meta property=\"og:type\" content=\"article\" \/>\n<meta property=\"og:title\" content=\"Ediciones anteriores - Talarn Music Experience\" \/>\n<meta property=\"og:description\" content=\"DESCUBRE TODOS LOS ARTISTAS QUE HAN PASADO POR EL TME\" \/>\n<meta property=\"og:url\" content=\"https:\/\/talarnmusicexperience.com\/es\/ediciones-anteriores\/\" \/>\n<meta property=\"og:site_name\" content=\"Talarn Music Experience\" \/>\n<meta property=\"article:publisher\" content=\"https:\/\/www.facebook.com\/talarnmusicexperience\/\" \/>\n<meta property=\"article:modified_time\" content=\"2025-10-31T07:31:27+00:00\" \/>\n<meta property=\"og:image\" content=\"https:\/\/talarnmusicexperience.com\/wp-content\/uploads\/2025\/10\/cartells-A3_-1.jpg\" \/>\n<meta name=\"twitter:card\" content=\"summary_large_image\" \/>\n<meta name=\"twitter:site\" content=\"@TalarnMusic\" \/>\n<script type=\"application\/ld+json\" class=\"yoast-schema-graph\">{\"@context\":\"https:\\\/\\\/schema.org\",\"@graph\":[{\"@type\":\"WebPage\",\"@id\":\"https:\\\/\\\/talarnmusicexperience.com\\\/es\\\/ediciones-anteriores\\\/\",\"url\":\"https:\\\/\\\/talarnmusicexperience.com\\\/es\\\/ediciones-anteriores\\\/\",\"name\":\"Ediciones anteriores - Talarn Music Experience\",\"isPartOf\":{\"@id\":\"https:\\\/\\\/talarnmusicexperience.com\\\/es\\\/#website\"},\"primaryImageOfPage\":{\"@id\":\"https:\\\/\\\/talarnmusicexperience.com\\\/es\\\/ediciones-anteriores\\\/#primaryimage\"},\"image\":{\"@id\":\"https:\\\/\\\/talarnmusicexperience.com\\\/es\\\/ediciones-anteriores\\\/#primaryimage\"},\"thumbnailUrl\":\"https:\\\/\\\/talarnmusicexperience.com\\\/wp-content\\\/uploads\\\/2025\\\/10\\\/cartells-A3_-1.jpg\",\"datePublished\":\"2025-09-18T16:00:24+00:00\",\"dateModified\":\"2025-10-31T07:31:27+00:00\",\"description\":\"DESCUBRE TODOS LOS ARTISTAS QUE HAN PASADO POR EL TME\",\"breadcrumb\":{\"@id\":\"https:\\\/\\\/talarnmusicexperience.com\\\/es\\\/ediciones-anteriores\\\/#breadcrumb\"},\"inLanguage\":\"es\",\"potentialAction\":[{\"@type\":\"ReadAction\",\"target\":[\"https:\\\/\\\/talarnmusicexperience.com\\\/es\\\/ediciones-anteriores\\\/\"]}]},{\"@type\":\"ImageObject\",\"inLanguage\":\"es\",\"@id\":\"https:\\\/\\\/talarnmusicexperience.com\\\/es\\\/ediciones-anteriores\\\/#primaryimage\",\"url\":\"https:\\\/\\\/talarnmusicexperience.com\\\/wp-content\\\/uploads\\\/2025\\\/10\\\/cartells-A3_-1.jpg\",\"contentUrl\":\"https:\\\/\\\/talarnmusicexperience.com\\\/wp-content\\\/uploads\\\/2025\\\/10\\\/cartells-A3_-1.jpg\"},{\"@type\":\"BreadcrumbList\",\"@id\":\"https:\\\/\\\/talarnmusicexperience.com\\\/es\\\/ediciones-anteriores\\\/#breadcrumb\",\"itemListElement\":[{\"@type\":\"ListItem\",\"position\":1,\"name\":\"Inici\",\"item\":\"https:\\\/\\\/talarnmusicexperience.com\\\/es\\\/inicio\\\/\"},{\"@type\":\"ListItem\",\"position\":2,\"name\":\"Ediciones anteriores\"}]},{\"@type\":\"WebSite\",\"@id\":\"https:\\\/\\\/talarnmusicexperience.com\\\/es\\\/#website\",\"url\":\"https:\\\/\\\/talarnmusicexperience.com\\\/es\\\/\",\"name\":\"Talarn Music Experience\",\"description\":\"Tres cites \u00faniques per viure la m\u00e0gia de la m\u00fasica al Pallars Juss\u00e0!\",\"publisher\":{\"@id\":\"https:\\\/\\\/talarnmusicexperience.com\\\/es\\\/#organization\"},\"potentialAction\":[{\"@type\":\"SearchAction\",\"target\":{\"@type\":\"EntryPoint\",\"urlTemplate\":\"https:\\\/\\\/talarnmusicexperience.com\\\/es\\\/?s={search_term_string}\"},\"query-input\":{\"@type\":\"PropertyValueSpecification\",\"valueRequired\":true,\"valueName\":\"search_term_string\"}}],\"inLanguage\":\"es\"},{\"@type\":\"Organization\",\"@id\":\"https:\\\/\\\/talarnmusicexperience.com\\\/es\\\/#organization\",\"name\":\"Talarn Music Experience\",\"url\":\"https:\\\/\\\/talarnmusicexperience.com\\\/es\\\/\",\"logo\":{\"@type\":\"ImageObject\",\"inLanguage\":\"es\",\"@id\":\"https:\\\/\\\/talarnmusicexperience.com\\\/es\\\/#\\\/schema\\\/logo\\\/image\\\/\",\"url\":\"https:\\\/\\\/talarnmusicexperience.com\\\/wp-content\\\/uploads\\\/2023\\\/02\\\/TALARN-MUSIC-EXPERIENCE-300x126-1.png\",\"contentUrl\":\"https:\\\/\\\/talarnmusicexperience.com\\\/wp-content\\\/uploads\\\/2023\\\/02\\\/TALARN-MUSIC-EXPERIENCE-300x126-1.png\",\"width\":300,\"height\":126,\"caption\":\"Talarn Music Experience\"},\"image\":{\"@id\":\"https:\\\/\\\/talarnmusicexperience.com\\\/es\\\/#\\\/schema\\\/logo\\\/image\\\/\"},\"sameAs\":[\"https:\\\/\\\/www.facebook.com\\\/talarnmusicexperience\\\/\",\"https:\\\/\\\/x.com\\\/TalarnMusic\",\"https:\\\/\\\/www.instagram.com\\\/talarnmusicexperience\\\/\"]}]}<\/script>\n<!-- \/ Yoast SEO plugin. -->","yoast_head_json":{"title":"Ediciones anteriores - Talarn Music Experience","description":"DESCUBRE TODOS LOS ARTISTAS QUE HAN PASADO POR EL TME","robots":{"index":"index","follow":"follow","max-snippet":"max-snippet:-1","max-image-preview":"max-image-preview:large","max-video-preview":"max-video-preview:-1"},"canonical":"https:\/\/talarnmusicexperience.com\/es\/ediciones-anteriores\/","og_locale":"es_ES","og_type":"article","og_title":"Ediciones anteriores - Talarn Music Experience","og_description":"DESCUBRE TODOS LOS ARTISTAS QUE HAN PASADO POR EL TME","og_url":"https:\/\/talarnmusicexperience.com\/es\/ediciones-anteriores\/","og_site_name":"Talarn Music Experience","article_publisher":"https:\/\/www.facebook.com\/talarnmusicexperience\/","article_modified_time":"2025-10-31T07:31:27+00:00","og_image":[{"url":"https:\/\/talarnmusicexperience.com\/wp-content\/uploads\/2025\/10\/cartells-A3_-1.jpg","type":"","width":"","height":""}],"twitter_card":"summary_large_image","twitter_site":"@TalarnMusic","schema":{"@context":"https:\/\/schema.org","@graph":[{"@type":"WebPage","@id":"https:\/\/talarnmusicexperience.com\/es\/ediciones-anteriores\/","url":"https:\/\/talarnmusicexperience.com\/es\/ediciones-anteriores\/","name":"Ediciones anteriores - Talarn Music Experience","isPartOf":{"@id":"https:\/\/talarnmusicexperience.com\/es\/#website"},"primaryImageOfPage":{"@id":"https:\/\/talarnmusicexperience.com\/es\/ediciones-anteriores\/#primaryimage"},"image":{"@id":"https:\/\/talarnmusicexperience.com\/es\/ediciones-anteriores\/#primaryimage"},"thumbnailUrl":"https:\/\/talarnmusicexperience.com\/wp-content\/uploads\/2025\/10\/cartells-A3_-1.jpg","datePublished":"2025-09-18T16:00:24+00:00","dateModified":"2025-10-31T07:31:27+00:00","description":"DESCUBRE TODOS LOS ARTISTAS QUE HAN PASADO POR EL TME","breadcrumb":{"@id":"https:\/\/talarnmusicexperience.com\/es\/ediciones-anteriores\/#breadcrumb"},"inLanguage":"es","potentialAction":[{"@type":"ReadAction","target":["https:\/\/talarnmusicexperience.com\/es\/ediciones-anteriores\/"]}]},{"@type":"ImageObject","inLanguage":"es","@id":"https:\/\/talarnmusicexperience.com\/es\/ediciones-anteriores\/#primaryimage","url":"https:\/\/talarnmusicexperience.com\/wp-content\/uploads\/2025\/10\/cartells-A3_-1.jpg","contentUrl":"https:\/\/talarnmusicexperience.com\/wp-content\/uploads\/2025\/10\/cartells-A3_-1.jpg"},{"@type":"BreadcrumbList","@id":"https:\/\/talarnmusicexperience.com\/es\/ediciones-anteriores\/#breadcrumb","itemListElement":[{"@type":"ListItem","position":1,"name":"Inici","item":"https:\/\/talarnmusicexperience.com\/es\/inicio\/"},{"@type":"ListItem","position":2,"name":"Ediciones anteriores"}]},{"@type":"WebSite","@id":"https:\/\/talarnmusicexperience.com\/es\/#website","url":"https:\/\/talarnmusicexperience.com\/es\/","name":"Talarn Music Experience","description":"Tres cites \u00faniques per viure la m\u00e0gia de la m\u00fasica al Pallars Juss\u00e0!","publisher":{"@id":"https:\/\/talarnmusicexperience.com\/es\/#organization"},"potentialAction":[{"@type":"SearchAction","target":{"@type":"EntryPoint","urlTemplate":"https:\/\/talarnmusicexperience.com\/es\/?s={search_term_string}"},"query-input":{"@type":"PropertyValueSpecification","valueRequired":true,"valueName":"search_term_string"}}],"inLanguage":"es"},{"@type":"Organization","@id":"https:\/\/talarnmusicexperience.com\/es\/#organization","name":"Talarn Music Experience","url":"https:\/\/talarnmusicexperience.com\/es\/","logo":{"@type":"ImageObject","inLanguage":"es","@id":"https:\/\/talarnmusicexperience.com\/es\/#\/schema\/logo\/image\/","url":"https:\/\/talarnmusicexperience.com\/wp-content\/uploads\/2023\/02\/TALARN-MUSIC-EXPERIENCE-300x126-1.png","contentUrl":"https:\/\/talarnmusicexperience.com\/wp-content\/uploads\/2023\/02\/TALARN-MUSIC-EXPERIENCE-300x126-1.png","width":300,"height":126,"caption":"Talarn Music Experience"},"image":{"@id":"https:\/\/talarnmusicexperience.com\/es\/#\/schema\/logo\/image\/"},"sameAs":["https:\/\/www.facebook.com\/talarnmusicexperience\/","https:\/\/x.com\/TalarnMusic","https:\/\/www.instagram.com\/talarnmusicexperience\/"]}]}},"_links":{"self":[{"href":"https:\/\/talarnmusicexperience.com\/es\/wp-json\/wp\/v2\/pages\/4044","targetHints":{"allow":["GET"]}}],"collection":[{"href":"https:\/\/talarnmusicexperience.com\/es\/wp-json\/wp\/v2\/pages"}],"about":[{"href":"https:\/\/talarnmusicexperience.com\/es\/wp-json\/wp\/v2\/types\/page"}],"author":[{"embeddable":true,"href":"https:\/\/talarnmusicexperience.com\/es\/wp-json\/wp\/v2\/users\/1"}],"replies":[{"embeddable":true,"href":"https:\/\/talarnmusicexperience.com\/es\/wp-json\/wp\/v2\/comments?post=4044"}],"version-history":[{"count":3,"href":"https:\/\/talarnmusicexperience.com\/es\/wp-json\/wp\/v2\/pages\/4044\/revisions"}],"predecessor-version":[{"id":4300,"href":"https:\/\/talarnmusicexperience.com\/es\/wp-json\/wp\/v2\/pages\/4044\/revisions\/4300"}],"wp:attachment":[{"href":"https:\/\/talarnmusicexperience.com\/es\/wp-json\/wp\/v2\/media?parent=4044"}],"curies":[{"name":"wp","href":"https:\/\/api.w.org\/{rel}","templated":true}]}}