{"id":4895,"date":"2026-02-16T16:13:54","date_gmt":"2026-02-16T15:13:54","guid":{"rendered":"https:\/\/talarnmusicexperience.com\/entradas-tasting\/"},"modified":"2026-02-17T17:08:06","modified_gmt":"2026-02-17T16:08:06","slug":"entradas-tasting","status":"publish","type":"page","link":"https:\/\/talarnmusicexperience.com\/es\/entradas-tasting\/","title":{"rendered":"Entradas Tasting"},"content":{"rendered":"\t\t<div data-elementor-type=\"wp-page\" data-elementor-id=\"4895\" class=\"elementor elementor-4895 elementor-4808\" data-elementor-post-type=\"page\">\n\t\t\t\t\t\t<section class=\"elementor-section elementor-top-section elementor-element elementor-element-12240c4 elementor-section-boxed elementor-section-height-default elementor-section-height-default\" data-id=\"12240c4\" data-element_type=\"section\" data-e-type=\"section\" data-settings=\"{&quot;background_background&quot;:&quot;classic&quot;}\">\n\t\t\t\t\t\t<div class=\"elementor-container elementor-column-gap-default\">\n\t\t\t\t\t<div class=\"elementor-column elementor-col-100 elementor-top-column elementor-element elementor-element-0017980\" data-id=\"0017980\" data-element_type=\"column\" data-e-type=\"column\">\n\t\t\t<div class=\"elementor-widget-wrap elementor-element-populated\">\n\t\t\t\t\t\t<div class=\"elementor-element elementor-element-c98886a elementor-widget elementor-widget-heading\" data-id=\"c98886a\" data-element_type=\"widget\" data-e-type=\"widget\" data-widget_type=\"heading.default\">\n\t\t\t\t\t<h1 class=\"elementor-heading-title elementor-size-default\">Entradas Tasting<\/h1>\t\t\t\t<\/div>\n\t\t\t\t\t<\/div>\n\t\t<\/div>\n\t\t\t\t\t<\/div>\n\t\t<\/section>\n\t\t\t\t<section class=\"elementor-section elementor-top-section elementor-element elementor-element-60588d4 elementor-section-boxed elementor-section-height-default elementor-section-height-default\" data-id=\"60588d4\" data-element_type=\"section\" data-e-type=\"section\" data-settings=\"{&quot;background_background&quot;:&quot;gradient&quot;}\">\n\t\t\t\t\t\t<div class=\"elementor-container elementor-column-gap-default\">\n\t\t\t\t\t<div class=\"elementor-column elementor-col-100 elementor-top-column elementor-element elementor-element-54d2a60\" data-id=\"54d2a60\" data-element_type=\"column\" data-e-type=\"column\">\n\t\t\t<div class=\"elementor-widget-wrap elementor-element-populated\">\n\t\t\t\t\t\t<div class=\"elementor-element elementor-element-97b87ae elementor-widget elementor-widget-heading\" data-id=\"97b87ae\" data-element_type=\"widget\" data-e-type=\"widget\" data-widget_type=\"heading.default\">\n\t\t\t\t\t<h1 class=\"elementor-heading-title elementor-size-default\">Compra aqu\u00ed tu entrada<\/h1>\t\t\t\t<\/div>\n\t\t\t\t<div class=\"elementor-element elementor-element-2dfc448 elementor-widget elementor-widget-html\" data-id=\"2dfc448\" data-element_type=\"widget\" data-e-type=\"widget\" data-widget_type=\"html.default\">\n\t\t\t\t\t<div id=\"shop-frame\" data-url=\"https:\/\/shop.weeztix.com\/cc88efe6-346a-4f2f-bf98-19170a7678fd\" style=\"max-width: 600px; margin:0 auto;\"><\/div>\n\n<script src=\"https:\/\/shop.weeztix.com\/build\/integrate.js\"><\/script>\t\t\t\t<\/div>\n\t\t\t\t\t<\/div>\n\t\t<\/div>\n\t\t\t\t\t<\/div>\n\t\t<\/section>\n\t\t\t\t<\/div>\n\t\t","protected":false},"excerpt":{"rendered":"<p>Compra aqu\u00ed tu entrada<\/p>\n","protected":false},"author":1,"featured_media":0,"parent":0,"menu_order":0,"comment_status":"closed","ping_status":"closed","template":"elementor_header_footer","meta":{"_acf_changed":false,"footnotes":""},"class_list":["post-4895","page","type-page","status-publish","hentry"],"acf":[],"yoast_head":"<!-- This site is optimized with the Yoast SEO plugin v26.9 - https:\/\/yoast.com\/product\/yoast-seo-wordpress\/ -->\n<title>Entradas Tasting - Talarn Music Experience<\/title>\n<meta name=\"description\" content=\"Compra aqu\u00ed tu entrada\" \/>\n<meta name=\"robots\" content=\"index, follow, max-snippet:-1, max-image-preview:large, max-video-preview:-1\" \/>\n<link rel=\"canonical\" href=\"https:\/\/talarnmusicexperience.com\/es\/entradas-tasting\/\" \/>\n<meta property=\"og:locale\" content=\"es_ES\" \/>\n<meta property=\"og:type\" content=\"article\" \/>\n<meta property=\"og:title\" content=\"Entradas Tasting - Talarn Music Experience\" \/>\n<meta property=\"og:description\" content=\"Compra aqu\u00ed tu entrada\" \/>\n<meta property=\"og:url\" content=\"https:\/\/talarnmusicexperience.com\/es\/entradas-tasting\/\" \/>\n<meta property=\"og:site_name\" content=\"Talarn Music Experience\" \/>\n<meta property=\"article:publisher\" content=\"https:\/\/www.facebook.com\/talarnmusicexperience\/\" \/>\n<meta property=\"article:modified_time\" content=\"2026-02-17T16:08:06+00:00\" \/>\n<meta name=\"twitter:card\" content=\"summary_large_image\" \/>\n<meta name=\"twitter:site\" content=\"@TalarnMusic\" \/>\n<script type=\"application\/ld+json\" class=\"yoast-schema-graph\">{\"@context\":\"https:\/\/schema.org\",\"@graph\":[{\"@type\":\"WebPage\",\"@id\":\"https:\/\/talarnmusicexperience.com\/es\/entradas-tasting\/\",\"url\":\"https:\/\/talarnmusicexperience.com\/es\/entradas-tasting\/\",\"name\":\"Entradas Tasting - Talarn Music Experience\",\"isPartOf\":{\"@id\":\"https:\/\/talarnmusicexperience.com\/es\/#website\"},\"datePublished\":\"2026-02-16T15:13:54+00:00\",\"dateModified\":\"2026-02-17T16:08:06+00:00\",\"description\":\"Compra aqu\u00ed tu entrada\",\"breadcrumb\":{\"@id\":\"https:\/\/talarnmusicexperience.com\/es\/entradas-tasting\/#breadcrumb\"},\"inLanguage\":\"es\",\"potentialAction\":[{\"@type\":\"ReadAction\",\"target\":[\"https:\/\/talarnmusicexperience.com\/es\/entradas-tasting\/\"]}]},{\"@type\":\"BreadcrumbList\",\"@id\":\"https:\/\/talarnmusicexperience.com\/es\/entradas-tasting\/#breadcrumb\",\"itemListElement\":[{\"@type\":\"ListItem\",\"position\":1,\"name\":\"Inici\",\"item\":\"https:\/\/talarnmusicexperience.com\/es\/\"},{\"@type\":\"ListItem\",\"position\":2,\"name\":\"Entradas Tasting\"}]},{\"@type\":\"WebSite\",\"@id\":\"https:\/\/talarnmusicexperience.com\/es\/#website\",\"url\":\"https:\/\/talarnmusicexperience.com\/es\/\",\"name\":\"Talarn Music Experience\",\"description\":\"Tres cites \u00faniques per viure la m\u00e0gia de la m\u00fasica al Pallars Juss\u00e0!\",\"publisher\":{\"@id\":\"https:\/\/talarnmusicexperience.com\/es\/#organization\"},\"potentialAction\":[{\"@type\":\"SearchAction\",\"target\":{\"@type\":\"EntryPoint\",\"urlTemplate\":\"https:\/\/talarnmusicexperience.com\/es\/?s={search_term_string}\"},\"query-input\":{\"@type\":\"PropertyValueSpecification\",\"valueRequired\":true,\"valueName\":\"search_term_string\"}}],\"inLanguage\":\"es\"},{\"@type\":\"Organization\",\"@id\":\"https:\/\/talarnmusicexperience.com\/es\/#organization\",\"name\":\"Talarn Music Experience\",\"url\":\"https:\/\/talarnmusicexperience.com\/es\/\",\"logo\":{\"@type\":\"ImageObject\",\"inLanguage\":\"es\",\"@id\":\"https:\/\/talarnmusicexperience.com\/es\/#\/schema\/logo\/image\/\",\"url\":\"https:\/\/talarnmusicexperience.com\/wp-content\/uploads\/2023\/02\/TALARN-MUSIC-EXPERIENCE-300x126-1.png\",\"contentUrl\":\"https:\/\/talarnmusicexperience.com\/wp-content\/uploads\/2023\/02\/TALARN-MUSIC-EXPERIENCE-300x126-1.png\",\"width\":300,\"height\":126,\"caption\":\"Talarn Music Experience\"},\"image\":{\"@id\":\"https:\/\/talarnmusicexperience.com\/es\/#\/schema\/logo\/image\/\"},\"sameAs\":[\"https:\/\/www.facebook.com\/talarnmusicexperience\/\",\"https:\/\/x.com\/TalarnMusic\",\"https:\/\/www.instagram.com\/talarnmusicexperience\/\"]}]}<\/script>\n<!-- \/ Yoast SEO plugin. -->","yoast_head_json":{"title":"Entradas Tasting - Talarn Music Experience","description":"Compra aqu\u00ed tu entrada","robots":{"index":"index","follow":"follow","max-snippet":"max-snippet:-1","max-image-preview":"max-image-preview:large","max-video-preview":"max-video-preview:-1"},"canonical":"https:\/\/talarnmusicexperience.com\/es\/entradas-tasting\/","og_locale":"es_ES","og_type":"article","og_title":"Entradas Tasting - Talarn Music Experience","og_description":"Compra aqu\u00ed tu entrada","og_url":"https:\/\/talarnmusicexperience.com\/es\/entradas-tasting\/","og_site_name":"Talarn Music Experience","article_publisher":"https:\/\/www.facebook.com\/talarnmusicexperience\/","article_modified_time":"2026-02-17T16:08:06+00:00","twitter_card":"summary_large_image","twitter_site":"@TalarnMusic","schema":{"@context":"https:\/\/schema.org","@graph":[{"@type":"WebPage","@id":"https:\/\/talarnmusicexperience.com\/es\/entradas-tasting\/","url":"https:\/\/talarnmusicexperience.com\/es\/entradas-tasting\/","name":"Entradas Tasting - Talarn Music Experience","isPartOf":{"@id":"https:\/\/talarnmusicexperience.com\/es\/#website"},"datePublished":"2026-02-16T15:13:54+00:00","dateModified":"2026-02-17T16:08:06+00:00","description":"Compra aqu\u00ed tu entrada","breadcrumb":{"@id":"https:\/\/talarnmusicexperience.com\/es\/entradas-tasting\/#breadcrumb"},"inLanguage":"es","potentialAction":[{"@type":"ReadAction","target":["https:\/\/talarnmusicexperience.com\/es\/entradas-tasting\/"]}]},{"@type":"BreadcrumbList","@id":"https:\/\/talarnmusicexperience.com\/es\/entradas-tasting\/#breadcrumb","itemListElement":[{"@type":"ListItem","position":1,"name":"Inici","item":"https:\/\/talarnmusicexperience.com\/es\/"},{"@type":"ListItem","position":2,"name":"Entradas Tasting"}]},{"@type":"WebSite","@id":"https:\/\/talarnmusicexperience.com\/es\/#website","url":"https:\/\/talarnmusicexperience.com\/es\/","name":"Talarn Music Experience","description":"Tres cites \u00faniques per viure la m\u00e0gia de la m\u00fasica al Pallars Juss\u00e0!","publisher":{"@id":"https:\/\/talarnmusicexperience.com\/es\/#organization"},"potentialAction":[{"@type":"SearchAction","target":{"@type":"EntryPoint","urlTemplate":"https:\/\/talarnmusicexperience.com\/es\/?s={search_term_string}"},"query-input":{"@type":"PropertyValueSpecification","valueRequired":true,"valueName":"search_term_string"}}],"inLanguage":"es"},{"@type":"Organization","@id":"https:\/\/talarnmusicexperience.com\/es\/#organization","name":"Talarn Music Experience","url":"https:\/\/talarnmusicexperience.com\/es\/","logo":{"@type":"ImageObject","inLanguage":"es","@id":"https:\/\/talarnmusicexperience.com\/es\/#\/schema\/logo\/image\/","url":"https:\/\/talarnmusicexperience.com\/wp-content\/uploads\/2023\/02\/TALARN-MUSIC-EXPERIENCE-300x126-1.png","contentUrl":"https:\/\/talarnmusicexperience.com\/wp-content\/uploads\/2023\/02\/TALARN-MUSIC-EXPERIENCE-300x126-1.png","width":300,"height":126,"caption":"Talarn Music Experience"},"image":{"@id":"https:\/\/talarnmusicexperience.com\/es\/#\/schema\/logo\/image\/"},"sameAs":["https:\/\/www.facebook.com\/talarnmusicexperience\/","https:\/\/x.com\/TalarnMusic","https:\/\/www.instagram.com\/talarnmusicexperience\/"]}]}},"_links":{"self":[{"href":"https:\/\/talarnmusicexperience.com\/es\/wp-json\/wp\/v2\/pages\/4895","targetHints":{"allow":["GET"]}}],"collection":[{"href":"https:\/\/talarnmusicexperience.com\/es\/wp-json\/wp\/v2\/pages"}],"about":[{"href":"https:\/\/talarnmusicexperience.com\/es\/wp-json\/wp\/v2\/types\/page"}],"author":[{"embeddable":true,"href":"https:\/\/talarnmusicexperience.com\/es\/wp-json\/wp\/v2\/users\/1"}],"replies":[{"embeddable":true,"href":"https:\/\/talarnmusicexperience.com\/es\/wp-json\/wp\/v2\/comments?post=4895"}],"version-history":[{"count":1,"href":"https:\/\/talarnmusicexperience.com\/es\/wp-json\/wp\/v2\/pages\/4895\/revisions"}],"predecessor-version":[{"id":4896,"href":"https:\/\/talarnmusicexperience.com\/es\/wp-json\/wp\/v2\/pages\/4895\/revisions\/4896"}],"wp:attachment":[{"href":"https:\/\/talarnmusicexperience.com\/es\/wp-json\/wp\/v2\/media?parent=4895"}],"curies":[{"name":"wp","href":"https:\/\/api.w.org\/{rel}","templated":true}]}}