{"id":617,"date":"2023-02-23T18:20:31","date_gmt":"2023-02-23T17:20:31","guid":{"rendered":"https:\/\/talarnmusicexperience.com\/inicio\/"},"modified":"2026-04-13T18:09:29","modified_gmt":"2026-04-13T16:09:29","slug":"inicio","status":"publish","type":"page","link":"https:\/\/talarnmusicexperience.com\/es\/","title":{"rendered":"Inicio"},"content":{"rendered":"\t\t<div data-elementor-type=\"wp-page\" data-elementor-id=\"617\" class=\"elementor elementor-617 elementor-11\" data-elementor-post-type=\"page\">\n\t\t\t\t<div class=\"elementor-element elementor-element-2c23db7 e-con-full e-flex e-con e-parent\" data-id=\"2c23db7\" data-element_type=\"container\" data-e-type=\"container\">\n\t\t<div class=\"elementor-element elementor-element-d997cbb e-con-full e-flex e-con e-child\" data-id=\"d997cbb\" data-element_type=\"container\" data-e-type=\"container\">\n\t\t\t\t<div class=\"elementor-element elementor-element-862cb38 elementor-widget elementor-widget-image\" data-id=\"862cb38\" data-element_type=\"widget\" data-e-type=\"widget\" data-widget_type=\"image.default\">\n\t\t\t\t\t\t\t\t\t\t\t\t\t\t\t<img fetchpriority=\"high\" decoding=\"async\" width=\"800\" height=\"800\" src=\"https:\/\/talarnmusicexperience.com\/wp-content\/uploads\/2026\/04\/home-festival-1-1024x1024.jpg\" class=\"attachment-large size-large wp-image-5106\" alt=\"\" srcset=\"https:\/\/talarnmusicexperience.com\/wp-content\/uploads\/2026\/04\/home-festival-1-1024x1024.jpg 1024w, https:\/\/talarnmusicexperience.com\/wp-content\/uploads\/2026\/04\/home-festival-1-300x300.jpg 300w, https:\/\/talarnmusicexperience.com\/wp-content\/uploads\/2026\/04\/home-festival-1-150x150.jpg 150w, https:\/\/talarnmusicexperience.com\/wp-content\/uploads\/2026\/04\/home-festival-1-768x768.jpg 768w, https:\/\/talarnmusicexperience.com\/wp-content\/uploads\/2026\/04\/home-festival-1.jpg 1200w\" sizes=\"(max-width: 800px) 100vw, 800px\" \/>\t\t\t\t\t\t\t\t\t\t\t\t\t\t\t<\/div>\n\t\t\t\t<\/div>\n\t\t<div class=\"elementor-element elementor-element-c90d4d6 e-con-full e-flex e-con e-child\" data-id=\"c90d4d6\" data-element_type=\"container\" data-e-type=\"container\">\n\t\t\t\t<div class=\"elementor-element elementor-element-ec183a4 elementor-widget elementor-widget-image\" data-id=\"ec183a4\" data-element_type=\"widget\" data-e-type=\"widget\" data-widget_type=\"image.default\">\n\t\t\t\t\t\t\t\t\t\t\t\t\t\t\t<img decoding=\"async\" width=\"800\" height=\"800\" src=\"https:\/\/talarnmusicexperience.com\/wp-content\/uploads\/2026\/02\/home-tasting-1-1024x1024-1.jpg\" class=\"attachment-large size-large wp-image-4969\" alt=\"\" srcset=\"https:\/\/talarnmusicexperience.com\/wp-content\/uploads\/2026\/02\/home-tasting-1-1024x1024-1.jpg 1024w, https:\/\/talarnmusicexperience.com\/wp-content\/uploads\/2026\/02\/home-tasting-1-1024x1024-1-300x300.jpg 300w, https:\/\/talarnmusicexperience.com\/wp-content\/uploads\/2026\/02\/home-tasting-1-1024x1024-1-150x150.jpg 150w, https:\/\/talarnmusicexperience.com\/wp-content\/uploads\/2026\/02\/home-tasting-1-1024x1024-1-768x768.jpg 768w\" sizes=\"(max-width: 800px) 100vw, 800px\" \/>\t\t\t\t\t\t\t\t\t\t\t\t\t\t\t<\/div>\n\t\t\t\t<\/div>\n\t\t\t\t<\/div>\n\t\t\t\t<section class=\"elementor-section elementor-top-section elementor-element elementor-element-4fc8c8d elementor-section-boxed elementor-section-height-default elementor-section-height-default\" data-id=\"4fc8c8d\" data-element_type=\"section\" data-e-type=\"section\" data-settings=\"{&quot;background_background&quot;:&quot;classic&quot;}\">\n\t\t\t\t\t\t<div class=\"elementor-container elementor-column-gap-default\">\n\t\t\t\t\t<div class=\"elementor-column elementor-col-100 elementor-top-column elementor-element elementor-element-56b1157\" data-id=\"56b1157\" data-element_type=\"column\" data-e-type=\"column\">\n\t\t\t<div class=\"elementor-widget-wrap elementor-element-populated\">\n\t\t\t\t<div class=\"elementor-element elementor-element-afcfd3f e-grid e-con-boxed e-con e-parent\" data-id=\"afcfd3f\" data-element_type=\"container\" data-e-type=\"container\">\n\t\t\t\t\t<div class=\"e-con-inner\">\n\t\t\t\t<div class=\"elementor-element elementor-element-9d0472a elementor-align-justify elementor-widget elementor-widget-button\" data-id=\"9d0472a\" data-element_type=\"widget\" data-e-type=\"widget\" data-widget_type=\"button.default\">\n\t\t\t\t\t\t\t\t\t\t<a class=\"elementor-button elementor-button-link elementor-size-sm\" href=\"https:\/\/talarnmusicexperience.com\/es\/julio\/\">\n\t\t\t\t\t\t<span class=\"elementor-button-content-wrapper\">\n\t\t\t\t\t\t\t\t\t<span class=\"elementor-button-text\">JULIO<\/span>\n\t\t\t\t\t<\/span>\n\t\t\t\t\t<\/a>\n\t\t\t\t\t\t\t\t<\/div>\n\t\t\t\t<div class=\"elementor-element elementor-element-04b816e elementor-align-justify elementor-widget elementor-widget-button\" data-id=\"04b816e\" data-element_type=\"widget\" data-e-type=\"widget\" data-widget_type=\"button.default\">\n\t\t\t\t\t\t\t\t\t\t<a class=\"elementor-button elementor-button-link elementor-size-sm\" href=\"https:\/\/talarnmusicexperience.com\/es\/septiembre\/\">\n\t\t\t\t\t\t<span class=\"elementor-button-content-wrapper\">\n\t\t\t\t\t\t\t\t\t<span class=\"elementor-button-text\">SETIEMBRE<\/span>\n\t\t\t\t\t<\/span>\n\t\t\t\t\t<\/a>\n\t\t\t\t\t\t\t\t<\/div>\n\t\t\t\t<div class=\"elementor-element elementor-element-16ee2e7 elementor-align-justify elementor-widget elementor-widget-button\" data-id=\"16ee2e7\" data-element_type=\"widget\" data-e-type=\"widget\" data-widget_type=\"button.default\">\n\t\t\t\t\t\t\t\t\t\t<a class=\"elementor-button elementor-button-link elementor-size-sm\" href=\"https:\/\/talarnmusicexperience.com\/es\/?page_id=2837\">\n\t\t\t\t\t\t<span class=\"elementor-button-content-wrapper\">\n\t\t\t\t\t\t\t\t\t<span class=\"elementor-button-text\">TASTING<\/span>\n\t\t\t\t\t<\/span>\n\t\t\t\t\t<\/a>\n\t\t\t\t\t\t\t\t<\/div>\n\t\t\t\t\t<\/div>\n\t\t\t\t<\/div>\n\t\t\t\t<div class=\"elementor-element elementor-element-8220cac elementor-widget elementor-widget-heading\" data-id=\"8220cac\" data-element_type=\"widget\" data-e-type=\"widget\" data-widget_type=\"heading.default\">\n\t\t\t\t\t<h1 class=\"elementor-heading-title elementor-size-default\">Talarn Music Experience 2026<\/h1>\t\t\t\t<\/div>\n\t\t\t\t<div class=\"elementor-element elementor-element-48bfb93 elementor-widget elementor-widget-image\" data-id=\"48bfb93\" data-element_type=\"widget\" data-e-type=\"widget\" data-widget_type=\"image.default\">\n\t\t\t\t\t\t\t\t\t\t\t\t\t\t\t<img decoding=\"async\" width=\"2349\" height=\"177\" src=\"https:\/\/talarnmusicexperience.com\/wp-content\/uploads\/2025\/12\/serveis-dark.png\" class=\"attachment-full size-full wp-image-4592\" alt=\"\" srcset=\"https:\/\/talarnmusicexperience.com\/wp-content\/uploads\/2025\/12\/serveis-dark.png 2349w, https:\/\/talarnmusicexperience.com\/wp-content\/uploads\/2025\/12\/serveis-dark-300x23.png 300w, https:\/\/talarnmusicexperience.com\/wp-content\/uploads\/2025\/12\/serveis-dark-1024x77.png 1024w, https:\/\/talarnmusicexperience.com\/wp-content\/uploads\/2025\/12\/serveis-dark-768x58.png 768w, https:\/\/talarnmusicexperience.com\/wp-content\/uploads\/2025\/12\/serveis-dark-1536x116.png 1536w, https:\/\/talarnmusicexperience.com\/wp-content\/uploads\/2025\/12\/serveis-dark-2048x154.png 2048w\" sizes=\"(max-width: 2349px) 100vw, 2349px\" \/>\t\t\t\t\t\t\t\t\t\t\t\t\t\t\t<\/div>\n\t\t\t\t<div class=\"elementor-element elementor-element-5ee8af9 elementor-widget elementor-widget-text-editor\" data-id=\"5ee8af9\" data-element_type=\"widget\" data-e-type=\"widget\" data-widget_type=\"text-editor.default\">\n\t\t\t\t\t\t\t\t\t<p>Los menores de 16 a\u00f1os deben ir acompa\u00f1ados de padre, madre o tutor legal. Entrada gratuita para menores de 7 a\u00f1os.<\/p><p>Si eres una persona con movilidad reducida, contacta con nosotros a trav\u00e9s del correo talarnmusicexperience@gmail.com para garantizar tu acceso al recinto del festival.<\/p>\t\t\t\t\t\t\t\t<\/div>\n\t\t\t\t\t<\/div>\n\t\t<\/div>\n\t\t\t\t\t<\/div>\n\t\t<\/section>\n\t\t\t\t<section class=\"elementor-section elementor-top-section elementor-element elementor-element-4637885d elementor-section-full_width elementor-section-height-min-height elementor-hidden-desktop elementor-hidden-tablet elementor-hidden-mobile elementor-section-height-default elementor-section-items-middle\" data-id=\"4637885d\" data-element_type=\"section\" data-e-type=\"section\" data-settings=\"{&quot;background_background&quot;:&quot;slideshow&quot;,&quot;background_slideshow_gallery&quot;:[{&quot;id&quot;:2565,&quot;url&quot;:&quot;https:\\\/\\\/talarnmusicexperience.com\\\/wp-content\\\/uploads\\\/2024\\\/12\\\/A7308130-scaled.jpg&quot;},{&quot;id&quot;:2569,&quot;url&quot;:&quot;https:\\\/\\\/talarnmusicexperience.com\\\/wp-content\\\/uploads\\\/2024\\\/12\\\/A7307409-scaled.jpg&quot;},{&quot;id&quot;:2567,&quot;url&quot;:&quot;https:\\\/\\\/talarnmusicexperience.com\\\/wp-content\\\/uploads\\\/2024\\\/12\\\/A7308028-scaled.jpg&quot;},{&quot;id&quot;:2579,&quot;url&quot;:&quot;https:\\\/\\\/talarnmusicexperience.com\\\/wp-content\\\/uploads\\\/2024\\\/12\\\/A7308388-1-scaled.jpg&quot;},{&quot;id&quot;:2573,&quot;url&quot;:&quot;https:\\\/\\\/talarnmusicexperience.com\\\/wp-content\\\/uploads\\\/2024\\\/12\\\/A7303778-scaled.jpg&quot;},{&quot;id&quot;:2577,&quot;url&quot;:&quot;https:\\\/\\\/talarnmusicexperience.com\\\/wp-content\\\/uploads\\\/2024\\\/12\\\/A7306178-scaled.jpg&quot;},{&quot;id&quot;:2571,&quot;url&quot;:&quot;https:\\\/\\\/talarnmusicexperience.com\\\/wp-content\\\/uploads\\\/2024\\\/12\\\/A7307142-scaled.jpg&quot;}],&quot;background_slideshow_lazyload&quot;:&quot;yes&quot;,&quot;background_slideshow_ken_burns&quot;:&quot;yes&quot;,&quot;background_slideshow_loop&quot;:&quot;yes&quot;,&quot;background_slideshow_slide_duration&quot;:5000,&quot;background_slideshow_slide_transition&quot;:&quot;fade&quot;,&quot;background_slideshow_transition_duration&quot;:500,&quot;background_slideshow_ken_burns_zoom_direction&quot;:&quot;in&quot;}\">\n\t\t\t\t\t\t<div class=\"elementor-container elementor-column-gap-default\">\n\t\t\t\t\t<div class=\"elementor-column elementor-col-100 elementor-top-column elementor-element elementor-element-7e6e6ce9\" data-id=\"7e6e6ce9\" data-element_type=\"column\" data-e-type=\"column\">\n\t\t\t<div class=\"elementor-widget-wrap\">\n\t\t\t\t\t\t\t<\/div>\n\t\t<\/div>\n\t\t\t\t\t<\/div>\n\t\t<\/section>\n\t\t\t\t<section class=\"elementor-section elementor-top-section elementor-element elementor-element-20899440 elementor-section-boxed elementor-section-height-default elementor-section-height-default\" data-id=\"20899440\" data-element_type=\"section\" data-e-type=\"section\">\n\t\t\t\t\t\t<div class=\"elementor-container elementor-column-gap-default\">\n\t\t\t\t\t<div class=\"elementor-column elementor-col-100 elementor-top-column elementor-element elementor-element-19b60c46\" data-id=\"19b60c46\" data-element_type=\"column\" data-e-type=\"column\">\n\t\t\t<div class=\"elementor-widget-wrap elementor-element-populated\">\n\t\t\t\t\t\t<div class=\"elementor-element elementor-element-72a9ed2a elementor-widget elementor-widget-heading\" data-id=\"72a9ed2a\" data-element_type=\"widget\" data-e-type=\"widget\" data-widget_type=\"heading.default\">\n\t\t\t\t\t<h2 class=\"elementor-heading-title elementor-size-default\">\u00bfD\u00f3nde se celebra?<\/h2>\t\t\t\t<\/div>\n\t\t\t\t<div class=\"elementor-element elementor-element-7ac883e4 elementor-widget elementor-widget-text-editor\" data-id=\"7ac883e4\" data-element_type=\"widget\" data-e-type=\"widget\" data-widget_type=\"text-editor.default\">\n\t\t\t\t\t\t\t\t\t<p>El Talarn Music Experience se celebra en Lo Quiosc, un espacio \u00fanico en un lugar privilegiado junto al pantano de Sant Antoni, dentro del t\u00e9rmino municipal de Talarn. Una vez dentro, el tiempo se detiene, se aleja para dar paso a la magia de los sentidos.<\/p>\t\t\t\t\t\t\t\t<\/div>\n\t\t\t\t<div class=\"elementor-element elementor-element-53f4dfe6 elementor-align-center elementor-widget elementor-widget-button\" data-id=\"53f4dfe6\" data-element_type=\"widget\" data-e-type=\"widget\" data-widget_type=\"button.default\">\n\t\t\t\t\t\t\t\t\t\t<a class=\"elementor-button elementor-button-link elementor-size-sm\" href=\"https:\/\/loquiosc.com\/\" target=\"_blank\" rel=\"nofollow\">\n\t\t\t\t\t\t<span class=\"elementor-button-content-wrapper\">\n\t\t\t\t\t\t\t\t\t<span class=\"elementor-button-text\">Visitar la web de Lo Quiosc<\/span>\n\t\t\t\t\t<\/span>\n\t\t\t\t\t<\/a>\n\t\t\t\t\t\t\t\t<\/div>\n\t\t\t\t\t<\/div>\n\t\t<\/div>\n\t\t\t\t\t<\/div>\n\t\t<\/section>\n\t\t\t\t<section class=\"elementor-section elementor-top-section elementor-element elementor-element-71d664ed elementor-section-full_width elementor-section-height-default elementor-section-height-default\" data-id=\"71d664ed\" data-element_type=\"section\" data-e-type=\"section\" id=\"localitzacio\">\n\t\t\t\t\t\t<div class=\"elementor-container elementor-column-gap-default\">\n\t\t\t\t\t<div class=\"elementor-column elementor-col-100 elementor-top-column elementor-element elementor-element-165f02e4\" data-id=\"165f02e4\" data-element_type=\"column\" data-e-type=\"column\">\n\t\t\t<div class=\"elementor-widget-wrap elementor-element-populated\">\n\t\t\t\t\t\t<div class=\"elementor-element elementor-element-7c8030eb elementor-widget elementor-widget-google_maps\" data-id=\"7c8030eb\" data-element_type=\"widget\" data-e-type=\"widget\" data-widget_type=\"google_maps.default\">\n\t\t\t\t\t\t\t<div class=\"elementor-custom-embed\">\n\t\t\t<iframe loading=\"lazy\"\n\t\t\t\t\tsrc=\"https:\/\/maps.google.com\/maps?q=Lo%20Quiosc%2C%20Talarn&#038;t=m&#038;z=15&#038;output=embed&#038;iwloc=near\"\n\t\t\t\t\ttitle=\"Lo Quiosc, Talarn\"\n\t\t\t\t\taria-label=\"Lo Quiosc, Talarn\"\n\t\t\t><\/iframe>\n\t\t<\/div>\n\t\t\t\t\t\t<\/div>\n\t\t\t\t\t<\/div>\n\t\t<\/div>\n\t\t\t\t\t<\/div>\n\t\t<\/section>\n\t\t\t\t<\/div>\n\t\t","protected":false},"excerpt":{"rendered":"<p>JULIO SETIEMBRE TASTING Talarn Music Experience 2026 Los menores de 16 a\u00f1os deben ir acompa\u00f1ados de padre, madre o tutor legal. Entrada gratuita para menores de 7 a\u00f1os. Si eres una persona con movilidad reducida, contacta con nosotros a trav\u00e9s del correo talarnmusicexperience@gmail.com para garantizar tu acceso al recinto del festival. \u00bfD\u00f3nde se celebra? El [&hellip;]<\/p>\n","protected":false},"author":1,"featured_media":1661,"parent":0,"menu_order":0,"comment_status":"closed","ping_status":"closed","template":"elementor_header_footer","meta":{"_acf_changed":false,"footnotes":""},"class_list":["post-617","page","type-page","status-publish","has-post-thumbnail","hentry"],"acf":[],"yoast_head":"<!-- This site is optimized with the Yoast SEO plugin v27.3 - https:\/\/yoast.com\/product\/yoast-seo-wordpress\/ -->\n<title>Talarn Music Experience<\/title>\n<meta name=\"description\" content=\"Esta edici\u00f3n, y despu\u00e9s de la buena acogida de los \u00faltimos a\u00f1os, el festival musical del Pallars sigue apostando por ofrecer una programaci\u00f3n variada y de calidad.\" \/>\n<meta name=\"robots\" content=\"index, follow, max-snippet:-1, max-image-preview:large, max-video-preview:-1\" \/>\n<link rel=\"canonical\" href=\"https:\/\/talarnmusicexperience.com\/es\/\" \/>\n<meta property=\"og:locale\" content=\"es_ES\" \/>\n<meta property=\"og:type\" content=\"article\" \/>\n<meta property=\"og:title\" content=\"Talarn Music Experience\" \/>\n<meta property=\"og:description\" content=\"Esta edici\u00f3n, y despu\u00e9s de la buena acogida de los \u00faltimos a\u00f1os, el festival musical del Pallars sigue apostando por ofrecer una programaci\u00f3n variada y de calidad.\" \/>\n<meta property=\"og:url\" content=\"https:\/\/talarnmusicexperience.com\/es\/\" \/>\n<meta property=\"og:site_name\" content=\"Talarn Music Experience\" \/>\n<meta property=\"article:publisher\" content=\"https:\/\/www.facebook.com\/talarnmusicexperience\/\" \/>\n<meta property=\"article:modified_time\" content=\"2026-04-13T16:09:29+00:00\" \/>\n<meta property=\"og:image\" content=\"https:\/\/talarnmusicexperience.com\/wp-content\/uploads\/2024\/01\/Logo-TME-2024.png\" \/>\n\t<meta property=\"og:image:width\" content=\"300\" \/>\n\t<meta property=\"og:image:height\" content=\"101\" \/>\n\t<meta property=\"og:image:type\" content=\"image\/png\" \/>\n<meta name=\"twitter:card\" content=\"summary_large_image\" \/>\n<meta name=\"twitter:site\" content=\"@TalarnMusic\" \/>\n<meta name=\"twitter:label1\" content=\"Tiempo de lectura\" \/>\n\t<meta name=\"twitter:data1\" content=\"4 minutos\" \/>\n<script type=\"application\/ld+json\" class=\"yoast-schema-graph\">{\"@context\":\"https:\\\/\\\/schema.org\",\"@graph\":[{\"@type\":\"WebPage\",\"@id\":\"https:\\\/\\\/talarnmusicexperience.com\\\/es\\\/\",\"url\":\"https:\\\/\\\/talarnmusicexperience.com\\\/es\\\/\",\"name\":\"Talarn Music Experience\",\"isPartOf\":{\"@id\":\"https:\\\/\\\/talarnmusicexperience.com\\\/es\\\/#website\"},\"primaryImageOfPage\":{\"@id\":\"https:\\\/\\\/talarnmusicexperience.com\\\/es\\\/#primaryimage\"},\"image\":{\"@id\":\"https:\\\/\\\/talarnmusicexperience.com\\\/es\\\/#primaryimage\"},\"thumbnailUrl\":\"https:\\\/\\\/talarnmusicexperience.com\\\/wp-content\\\/uploads\\\/2024\\\/01\\\/Logo-TME-2024.png\",\"datePublished\":\"2023-02-23T17:20:31+00:00\",\"dateModified\":\"2026-04-13T16:09:29+00:00\",\"description\":\"Esta edici\u00f3n, y despu\u00e9s de la buena acogida de los \u00faltimos a\u00f1os, el festival musical del Pallars sigue apostando por ofrecer una programaci\u00f3n variada y de calidad.\",\"breadcrumb\":{\"@id\":\"https:\\\/\\\/talarnmusicexperience.com\\\/es\\\/#breadcrumb\"},\"inLanguage\":\"es\",\"potentialAction\":[{\"@type\":\"ReadAction\",\"target\":[\"https:\\\/\\\/talarnmusicexperience.com\\\/es\\\/\"]}]},{\"@type\":\"ImageObject\",\"inLanguage\":\"es\",\"@id\":\"https:\\\/\\\/talarnmusicexperience.com\\\/es\\\/#primaryimage\",\"url\":\"https:\\\/\\\/talarnmusicexperience.com\\\/wp-content\\\/uploads\\\/2024\\\/01\\\/Logo-TME-2024.png\",\"contentUrl\":\"https:\\\/\\\/talarnmusicexperience.com\\\/wp-content\\\/uploads\\\/2024\\\/01\\\/Logo-TME-2024.png\",\"width\":300,\"height\":101},{\"@type\":\"BreadcrumbList\",\"@id\":\"https:\\\/\\\/talarnmusicexperience.com\\\/es\\\/#breadcrumb\",\"itemListElement\":[{\"@type\":\"ListItem\",\"position\":1,\"name\":\"Inici\",\"item\":\"https:\\\/\\\/talarnmusicexperience.com\\\/es\\\/inicio\\\/\"},{\"@type\":\"ListItem\",\"position\":2,\"name\":\"Inicio\"}]},{\"@type\":\"WebSite\",\"@id\":\"https:\\\/\\\/talarnmusicexperience.com\\\/es\\\/#website\",\"url\":\"https:\\\/\\\/talarnmusicexperience.com\\\/es\\\/\",\"name\":\"Talarn Music Experience\",\"description\":\"Tres cites \u00faniques per viure la m\u00e0gia de la m\u00fasica al Pallars Juss\u00e0!\",\"publisher\":{\"@id\":\"https:\\\/\\\/talarnmusicexperience.com\\\/es\\\/#organization\"},\"potentialAction\":[{\"@type\":\"SearchAction\",\"target\":{\"@type\":\"EntryPoint\",\"urlTemplate\":\"https:\\\/\\\/talarnmusicexperience.com\\\/es\\\/?s={search_term_string}\"},\"query-input\":{\"@type\":\"PropertyValueSpecification\",\"valueRequired\":true,\"valueName\":\"search_term_string\"}}],\"inLanguage\":\"es\"},{\"@type\":\"Organization\",\"@id\":\"https:\\\/\\\/talarnmusicexperience.com\\\/es\\\/#organization\",\"name\":\"Talarn Music Experience\",\"url\":\"https:\\\/\\\/talarnmusicexperience.com\\\/es\\\/\",\"logo\":{\"@type\":\"ImageObject\",\"inLanguage\":\"es\",\"@id\":\"https:\\\/\\\/talarnmusicexperience.com\\\/es\\\/#\\\/schema\\\/logo\\\/image\\\/\",\"url\":\"https:\\\/\\\/talarnmusicexperience.com\\\/wp-content\\\/uploads\\\/2023\\\/02\\\/TALARN-MUSIC-EXPERIENCE-300x126-1.png\",\"contentUrl\":\"https:\\\/\\\/talarnmusicexperience.com\\\/wp-content\\\/uploads\\\/2023\\\/02\\\/TALARN-MUSIC-EXPERIENCE-300x126-1.png\",\"width\":300,\"height\":126,\"caption\":\"Talarn Music Experience\"},\"image\":{\"@id\":\"https:\\\/\\\/talarnmusicexperience.com\\\/es\\\/#\\\/schema\\\/logo\\\/image\\\/\"},\"sameAs\":[\"https:\\\/\\\/www.facebook.com\\\/talarnmusicexperience\\\/\",\"https:\\\/\\\/x.com\\\/TalarnMusic\",\"https:\\\/\\\/www.instagram.com\\\/talarnmusicexperience\\\/\"]}]}<\/script>\n<!-- \/ Yoast SEO plugin. -->","yoast_head_json":{"title":"Talarn Music Experience","description":"Esta edici\u00f3n, y despu\u00e9s de la buena acogida de los \u00faltimos a\u00f1os, el festival musical del Pallars sigue apostando por ofrecer una programaci\u00f3n variada y de calidad.","robots":{"index":"index","follow":"follow","max-snippet":"max-snippet:-1","max-image-preview":"max-image-preview:large","max-video-preview":"max-video-preview:-1"},"canonical":"https:\/\/talarnmusicexperience.com\/es\/","og_locale":"es_ES","og_type":"article","og_title":"Talarn Music Experience","og_description":"Esta edici\u00f3n, y despu\u00e9s de la buena acogida de los \u00faltimos a\u00f1os, el festival musical del Pallars sigue apostando por ofrecer una programaci\u00f3n variada y de calidad.","og_url":"https:\/\/talarnmusicexperience.com\/es\/","og_site_name":"Talarn Music Experience","article_publisher":"https:\/\/www.facebook.com\/talarnmusicexperience\/","article_modified_time":"2026-04-13T16:09:29+00:00","og_image":[{"width":300,"height":101,"url":"https:\/\/talarnmusicexperience.com\/wp-content\/uploads\/2024\/01\/Logo-TME-2024.png","type":"image\/png"}],"twitter_card":"summary_large_image","twitter_site":"@TalarnMusic","twitter_misc":{"Tiempo de lectura":"4 minutos"},"schema":{"@context":"https:\/\/schema.org","@graph":[{"@type":"WebPage","@id":"https:\/\/talarnmusicexperience.com\/es\/","url":"https:\/\/talarnmusicexperience.com\/es\/","name":"Talarn Music Experience","isPartOf":{"@id":"https:\/\/talarnmusicexperience.com\/es\/#website"},"primaryImageOfPage":{"@id":"https:\/\/talarnmusicexperience.com\/es\/#primaryimage"},"image":{"@id":"https:\/\/talarnmusicexperience.com\/es\/#primaryimage"},"thumbnailUrl":"https:\/\/talarnmusicexperience.com\/wp-content\/uploads\/2024\/01\/Logo-TME-2024.png","datePublished":"2023-02-23T17:20:31+00:00","dateModified":"2026-04-13T16:09:29+00:00","description":"Esta edici\u00f3n, y despu\u00e9s de la buena acogida de los \u00faltimos a\u00f1os, el festival musical del Pallars sigue apostando por ofrecer una programaci\u00f3n variada y de calidad.","breadcrumb":{"@id":"https:\/\/talarnmusicexperience.com\/es\/#breadcrumb"},"inLanguage":"es","potentialAction":[{"@type":"ReadAction","target":["https:\/\/talarnmusicexperience.com\/es\/"]}]},{"@type":"ImageObject","inLanguage":"es","@id":"https:\/\/talarnmusicexperience.com\/es\/#primaryimage","url":"https:\/\/talarnmusicexperience.com\/wp-content\/uploads\/2024\/01\/Logo-TME-2024.png","contentUrl":"https:\/\/talarnmusicexperience.com\/wp-content\/uploads\/2024\/01\/Logo-TME-2024.png","width":300,"height":101},{"@type":"BreadcrumbList","@id":"https:\/\/talarnmusicexperience.com\/es\/#breadcrumb","itemListElement":[{"@type":"ListItem","position":1,"name":"Inici","item":"https:\/\/talarnmusicexperience.com\/es\/inicio\/"},{"@type":"ListItem","position":2,"name":"Inicio"}]},{"@type":"WebSite","@id":"https:\/\/talarnmusicexperience.com\/es\/#website","url":"https:\/\/talarnmusicexperience.com\/es\/","name":"Talarn Music Experience","description":"Tres cites \u00faniques per viure la m\u00e0gia de la m\u00fasica al Pallars Juss\u00e0!","publisher":{"@id":"https:\/\/talarnmusicexperience.com\/es\/#organization"},"potentialAction":[{"@type":"SearchAction","target":{"@type":"EntryPoint","urlTemplate":"https:\/\/talarnmusicexperience.com\/es\/?s={search_term_string}"},"query-input":{"@type":"PropertyValueSpecification","valueRequired":true,"valueName":"search_term_string"}}],"inLanguage":"es"},{"@type":"Organization","@id":"https:\/\/talarnmusicexperience.com\/es\/#organization","name":"Talarn Music Experience","url":"https:\/\/talarnmusicexperience.com\/es\/","logo":{"@type":"ImageObject","inLanguage":"es","@id":"https:\/\/talarnmusicexperience.com\/es\/#\/schema\/logo\/image\/","url":"https:\/\/talarnmusicexperience.com\/wp-content\/uploads\/2023\/02\/TALARN-MUSIC-EXPERIENCE-300x126-1.png","contentUrl":"https:\/\/talarnmusicexperience.com\/wp-content\/uploads\/2023\/02\/TALARN-MUSIC-EXPERIENCE-300x126-1.png","width":300,"height":126,"caption":"Talarn Music Experience"},"image":{"@id":"https:\/\/talarnmusicexperience.com\/es\/#\/schema\/logo\/image\/"},"sameAs":["https:\/\/www.facebook.com\/talarnmusicexperience\/","https:\/\/x.com\/TalarnMusic","https:\/\/www.instagram.com\/talarnmusicexperience\/"]}]}},"_links":{"self":[{"href":"https:\/\/talarnmusicexperience.com\/es\/wp-json\/wp\/v2\/pages\/617","targetHints":{"allow":["GET"]}}],"collection":[{"href":"https:\/\/talarnmusicexperience.com\/es\/wp-json\/wp\/v2\/pages"}],"about":[{"href":"https:\/\/talarnmusicexperience.com\/es\/wp-json\/wp\/v2\/types\/page"}],"author":[{"embeddable":true,"href":"https:\/\/talarnmusicexperience.com\/es\/wp-json\/wp\/v2\/users\/1"}],"replies":[{"embeddable":true,"href":"https:\/\/talarnmusicexperience.com\/es\/wp-json\/wp\/v2\/comments?post=617"}],"version-history":[{"count":103,"href":"https:\/\/talarnmusicexperience.com\/es\/wp-json\/wp\/v2\/pages\/617\/revisions"}],"predecessor-version":[{"id":5110,"href":"https:\/\/talarnmusicexperience.com\/es\/wp-json\/wp\/v2\/pages\/617\/revisions\/5110"}],"wp:featuredmedia":[{"embeddable":true,"href":"https:\/\/talarnmusicexperience.com\/es\/wp-json\/wp\/v2\/media\/1661"}],"wp:attachment":[{"href":"https:\/\/talarnmusicexperience.com\/es\/wp-json\/wp\/v2\/media?parent=617"}],"curies":[{"name":"wp","href":"https:\/\/api.w.org\/{rel}","templated":true}]}}